{"id":49172,"date":"2024-08-10T11:56:32","date_gmt":"2024-08-10T08:56:32","guid":{"rendered":"https:\/\/www.radiomarket.fi\/?post_type=product&#038;p=49172"},"modified":"2024-08-13T11:38:03","modified_gmt":"2024-08-13T08:38:03","slug":"ekub0711-ex-libris-evt","status":"publish","type":"product","link":"https:\/\/www.radiomarket.fi\/en\/kohde\/ekub0711-ex-libris-evt\/","title":{"rendered":"EKUB0711 Ex libris EVT"},"content":{"rendered":"<p>Tuntematon ex libris liimattuna kirjan irralliseen sis\u00e4kanteen.<\/p>","protected":false},"excerpt":{"rendered":"<p>Kirjetoimitustuotteita kannattaa tilata kerralla useampiakin, yksi lis\u00e4tuote lis\u00e4\u00e4 postikulua vain 10 sentill\u00e4 (tilanne 8\/2024, voi muuttua)<\/p>","protected":false},"featured_media":49175,"template":"","meta":[],"_links":{"self":[{"href":"https:\/\/www.radiomarket.fi\/en\/wp-json\/wp\/v2\/product\/49172"}],"collection":[{"href":"https:\/\/www.radiomarket.fi\/en\/wp-json\/wp\/v2\/product"}],"about":[{"href":"https:\/\/www.radiomarket.fi\/en\/wp-json\/wp\/v2\/types\/product"}],"wp:featuredmedia":[{"embeddable":true,"href":"https:\/\/www.radiomarket.fi\/en\/wp-json\/wp\/v2\/media\/49175"}],"wp:attachment":[{"href":"https:\/\/www.radiomarket.fi\/en\/wp-json\/wp\/v2\/media?parent=49172"}],"curies":[{"name":"wp","href":"https:\/\/api.w.org\/{rel}","templated":true}]}}