{"id":49205,"date":"2024-08-14T09:18:07","date_gmt":"2024-08-14T06:18:07","guid":{"rendered":"https:\/\/www.radiomarket.fi\/?post_type=product&#038;p=49205"},"modified":"2024-08-14T18:07:44","modified_gmt":"2024-08-14T15:07:44","slug":"ekub0713-honeywell-tulossa","status":"publish","type":"product","link":"https:\/\/www.radiomarket.fi\/en\/kohde\/ekub0713-honeywell-tulossa\/","title":{"rendered":"EKUB0713 Honeywell excel EMC varaosiksi"},"content":{"rendered":"<p>Kunto ja alkuper\u00e4 tuntematon. Varastop\u00f6ly\u00e4 kuvissa, mutta kannen alta siisti.<\/p>","protected":false},"excerpt":{"rendered":"<p>Kunto ja alkuper\u00e4 tuntematon. Varastop\u00f6ly\u00e4 kuvissa, mutta kannen alta siisti.<\/p>","protected":false},"featured_media":49231,"template":"","meta":[],"_links":{"self":[{"href":"https:\/\/www.radiomarket.fi\/en\/wp-json\/wp\/v2\/product\/49205"}],"collection":[{"href":"https:\/\/www.radiomarket.fi\/en\/wp-json\/wp\/v2\/product"}],"about":[{"href":"https:\/\/www.radiomarket.fi\/en\/wp-json\/wp\/v2\/types\/product"}],"wp:featuredmedia":[{"embeddable":true,"href":"https:\/\/www.radiomarket.fi\/en\/wp-json\/wp\/v2\/media\/49231"}],"wp:attachment":[{"href":"https:\/\/www.radiomarket.fi\/en\/wp-json\/wp\/v2\/media?parent=49205"}],"curies":[{"name":"wp","href":"https:\/\/api.w.org\/{rel}","templated":true}]}}