{"id":49207,"date":"2024-08-14T09:29:43","date_gmt":"2024-08-14T06:29:43","guid":{"rendered":"https:\/\/www.radiomarket.fi\/?post_type=product&#038;p=49207"},"modified":"2024-08-14T09:40:18","modified_gmt":"2024-08-14T06:40:18","slug":"ekub0714-poistoletkun-kannake","status":"publish","type":"product","link":"https:\/\/www.radiomarket.fi\/en\/kohde\/ekub0714-poistoletkun-kannake\/","title":{"rendered":"EKUB0714 poistoletkun kannake"},"content":{"rendered":"<p>Uusia ja k\u00e4ytettyj\u00e4 pesukoneen poistoletkukannakkeita. Paras myyd\u00e4\u00e4n ensin. Tilauksen yhteydess\u00e4 voi esitt\u00e4\u00e4 v\u00e4ritoiveen.<\/p>","protected":false},"excerpt":{"rendered":"<p>Kirjetoimitustuotteita kannattaa tilata kerralla useampiakin, yksi lis\u00e4tuote lis\u00e4\u00e4 postikulua vain 10 sentill\u00e4 (tilanne 8\/2024, voi muuttua)<\/p>","protected":false},"featured_media":49211,"template":"","meta":[],"_links":{"self":[{"href":"https:\/\/www.radiomarket.fi\/en\/wp-json\/wp\/v2\/product\/49207"}],"collection":[{"href":"https:\/\/www.radiomarket.fi\/en\/wp-json\/wp\/v2\/product"}],"about":[{"href":"https:\/\/www.radiomarket.fi\/en\/wp-json\/wp\/v2\/types\/product"}],"wp:featuredmedia":[{"embeddable":true,"href":"https:\/\/www.radiomarket.fi\/en\/wp-json\/wp\/v2\/media\/49211"}],"wp:attachment":[{"href":"https:\/\/www.radiomarket.fi\/en\/wp-json\/wp\/v2\/media?parent=49207"}],"curies":[{"name":"wp","href":"https:\/\/api.w.org\/{rel}","templated":true}]}}