{"id":49224,"date":"2024-08-14T17:26:00","date_gmt":"2024-08-14T14:26:00","guid":{"rendered":"https:\/\/www.radiomarket.fi\/?post_type=product&#038;p=49224"},"modified":"2024-08-16T21:32:22","modified_gmt":"2024-08-16T18:32:22","slug":"ekub0716-mann-filter-h1029-1n-oljynsuodatin-nos","status":"publish","type":"product","link":"https:\/\/www.radiomarket.fi\/en\/kohde\/ekub0716-mann-filter-h1029-1n-oljynsuodatin-nos\/","title":{"rendered":"EKUB0716  MANN-FILTER H1029\/1n \u00d6ljynsuodatin NOS"},"content":{"rendered":"<p>K\u00e4ytt\u00e4m\u00e4t\u00f6n vanha suodatin alkuper\u00e4ispakkauksessa.<\/p>","protected":false},"excerpt":{"rendered":"<p>Kirjetoimitustuotteita kannattaa tilata kerralla useampiakin, yksi lis\u00e4tuote lis\u00e4\u00e4 postikulua vain 10 sentill\u00e4 (tilanne 8\/2024, voi muuttua)<\/p>","protected":false},"featured_media":49225,"template":"","meta":[],"_links":{"self":[{"href":"https:\/\/www.radiomarket.fi\/en\/wp-json\/wp\/v2\/product\/49224"}],"collection":[{"href":"https:\/\/www.radiomarket.fi\/en\/wp-json\/wp\/v2\/product"}],"about":[{"href":"https:\/\/www.radiomarket.fi\/en\/wp-json\/wp\/v2\/types\/product"}],"wp:featuredmedia":[{"embeddable":true,"href":"https:\/\/www.radiomarket.fi\/en\/wp-json\/wp\/v2\/media\/49225"}],"wp:attachment":[{"href":"https:\/\/www.radiomarket.fi\/en\/wp-json\/wp\/v2\/media?parent=49224"}],"curies":[{"name":"wp","href":"https:\/\/api.w.org\/{rel}","templated":true}]}}