{"id":49283,"date":"2024-08-17T20:43:12","date_gmt":"2024-08-17T17:43:12","guid":{"rendered":"https:\/\/www.radiomarket.fi\/?post_type=product&#038;p=49283"},"modified":"2024-08-19T10:26:17","modified_gmt":"2024-08-19T07:26:17","slug":"ekub0718-kansankomissaari-v-m-molotovin-radiopuhe-29-11-1939","status":"publish","type":"product","link":"https:\/\/www.radiomarket.fi\/en\/kohde\/ekub0718-kansankomissaari-v-m-molotovin-radiopuhe-29-11-1939\/","title":{"rendered":"EKUB0718 Kansankomissaari V. M. Molotovin radiopuhe 29.11.1939"},"content":{"rendered":"<p>Viiden kopeekan erikoispainos kansankomissaarien neuvoston puheenjohtajan toveri Molotovin radiopuheesta, painettu Leningradissa joulukuussa 1939. L\u00e4hes uuden veroinen vihkonen.<\/p>","protected":false},"excerpt":{"rendered":"<p>Kirjetoimitustuotteita kannattaa tilata kerralla useampiakin, yksi lis\u00e4tuote lis\u00e4\u00e4 postikulua vain 10 sentill\u00e4 (tilanne 8\/2024, voi muuttua)<\/p>","protected":false},"featured_media":49284,"template":"","meta":[],"_links":{"self":[{"href":"https:\/\/www.radiomarket.fi\/en\/wp-json\/wp\/v2\/product\/49283"}],"collection":[{"href":"https:\/\/www.radiomarket.fi\/en\/wp-json\/wp\/v2\/product"}],"about":[{"href":"https:\/\/www.radiomarket.fi\/en\/wp-json\/wp\/v2\/types\/product"}],"wp:featuredmedia":[{"embeddable":true,"href":"https:\/\/www.radiomarket.fi\/en\/wp-json\/wp\/v2\/media\/49284"}],"wp:attachment":[{"href":"https:\/\/www.radiomarket.fi\/en\/wp-json\/wp\/v2\/media?parent=49283"}],"curies":[{"name":"wp","href":"https:\/\/api.w.org\/{rel}","templated":true}]}}