{"id":49448,"date":"2024-09-03T11:00:34","date_gmt":"2024-09-03T08:00:34","guid":{"rendered":"https:\/\/www.radiomarket.fi\/?post_type=product&#038;p=49448"},"modified":"2024-09-25T13:17:17","modified_gmt":"2024-09-25T10:17:17","slug":"ekua3899-grundig","status":"publish","type":"product","link":"https:\/\/www.radiomarket.fi\/en\/kohde\/ekua3899-grundig\/","title":{"rendered":"EKUA3899 Grundig RR1150"},"content":{"rendered":"<p>Radiokasettisoitin. Paristokotelon luukku tallessa.<br \/><br \/>Testattu 9\/2024, ULA vaikuttaa toimivalta. \u00c4\u00e4nenvoimakkuuden potentiometriss\u00e4 ei tunnu olevan rutinoita. Kasettiluukut liimattu kiinni. Eject ei toimi kummassakaan pes\u00e4ss\u00e4. A-pes\u00e4 toistaa ja kelaa tyhj\u00e4n\u00e4 hyvin. B-pes\u00e4n eteenp\u00e4inkelaus tyhj\u00e4n\u00e4 pys\u00e4htyy itsest\u00e4\u00e4n hetken kuluttua. Takaisinkelaus ja toisto kuulostavat tyhj\u00e4n\u00e4kin vaivalloisilta. Verkkojohto liimattu kiinni. Antennin kiinnikkeet murtuneet, antennin juuressa jokin omatekoinen patentti. Ei tutkittu tarkemmin.<\/p>","protected":false},"excerpt":{"rendered":"<p>Radiokasettisoitin. Paristokotelon luukku tallessa.Testattu 9\/2024, ULA vaikuttaa toimivalta. \u00c4\u00e4nenvoimakkuuden potentiometriss\u00e4 ei tunnu olevan rutinoita. Kasettiluukut liimattu kiinni. Eject ei toimi kummassakaan pes\u00e4ss\u00e4. A-pes\u00e4 toistaa ja kelaa tyhj\u00e4n\u00e4 hyvin. B-pes\u00e4n eteenp\u00e4inkelaus tyhj\u00e4n\u00e4 pys\u00e4htyy itsest\u00e4\u00e4n hetken kuluttua. Takaisinkelaus ja toisto kuulostavat tyhj\u00e4n\u00e4kin vaivalloisilta. Verkkojohto liimattu kiinni. Antennin kiinnikkeet murtuneet, antennin juuressa jokin omatekoinen patentti. Ei tutkittu tarkemmin.<\/p>","protected":false},"featured_media":49675,"template":"","meta":[],"_links":{"self":[{"href":"https:\/\/www.radiomarket.fi\/en\/wp-json\/wp\/v2\/product\/49448"}],"collection":[{"href":"https:\/\/www.radiomarket.fi\/en\/wp-json\/wp\/v2\/product"}],"about":[{"href":"https:\/\/www.radiomarket.fi\/en\/wp-json\/wp\/v2\/types\/product"}],"wp:featuredmedia":[{"embeddable":true,"href":"https:\/\/www.radiomarket.fi\/en\/wp-json\/wp\/v2\/media\/49675"}],"wp:attachment":[{"href":"https:\/\/www.radiomarket.fi\/en\/wp-json\/wp\/v2\/media?parent=49448"}],"curies":[{"name":"wp","href":"https:\/\/api.w.org\/{rel}","templated":true}]}}