{"id":49450,"date":"2024-09-03T11:39:26","date_gmt":"2024-09-03T08:39:26","guid":{"rendered":"https:\/\/www.radiomarket.fi\/?post_type=product&#038;p=49450"},"modified":"2024-09-06T14:02:36","modified_gmt":"2024-09-06T11:02:36","slug":"ekub0723-artas-3d-taskulamppu-1960-70-luku","status":"publish","type":"product","link":"https:\/\/www.radiomarket.fi\/en\/kohde\/ekub0723-artas-3d-taskulamppu-1960-70-luku\/","title":{"rendered":"EKUB0723 Artas 3D taskulamppu 1960-70-luku"},"content":{"rendered":"<p>K\u00e4ytetty ja k\u00e4ytetyn n\u00e4k\u00f6inen, mahdollisesti k\u00e4ytt\u00f6\u00e4 varten puhdistusta vaativa taskulamppu. Kunnostettavissa ellei heti toimi. Ripustuslenkki puuttuu. Kuvassa n\u00e4kyv\u00e4t paristot eiv\u00e4t sis\u00e4lly hintaan.<\/p>","protected":false},"excerpt":{"rendered":"<p>K\u00e4ytetty ja k\u00e4ytetyn n\u00e4k\u00f6inen, mahdollisesti k\u00e4ytt\u00f6\u00e4 varten puhdistusta vaativa taskulamppu. Kunnostettavissa ellei heti toimi. Ripustuslenkki puuttuu. Kuvassa n\u00e4kyv\u00e4t paristot eiv\u00e4t sis\u00e4lly hintaan.<\/p>","protected":false},"featured_media":49464,"template":"","meta":[],"_links":{"self":[{"href":"https:\/\/www.radiomarket.fi\/en\/wp-json\/wp\/v2\/product\/49450"}],"collection":[{"href":"https:\/\/www.radiomarket.fi\/en\/wp-json\/wp\/v2\/product"}],"about":[{"href":"https:\/\/www.radiomarket.fi\/en\/wp-json\/wp\/v2\/types\/product"}],"wp:featuredmedia":[{"embeddable":true,"href":"https:\/\/www.radiomarket.fi\/en\/wp-json\/wp\/v2\/media\/49464"}],"wp:attachment":[{"href":"https:\/\/www.radiomarket.fi\/en\/wp-json\/wp\/v2\/media?parent=49450"}],"curies":[{"name":"wp","href":"https:\/\/api.w.org\/{rel}","templated":true}]}}