{"id":49468,"date":"2024-09-04T13:13:42","date_gmt":"2024-09-04T10:13:42","guid":{"rendered":"https:\/\/www.radiomarket.fi\/?post_type=product&#038;p=49468"},"modified":"2025-06-22T23:52:30","modified_gmt":"2025-06-22T20:52:30","slug":"ekum3269-philips-omavalmiste-ilmeisesti-rakennussarjasta","status":"publish","type":"product","link":"https:\/\/www.radiomarket.fi\/en\/kohde\/ekum3269-philips-omavalmiste-ilmeisesti-rakennussarjasta\/","title":{"rendered":"EKUM3269 Philips omavalmiste ilmeisesti rakennussarjasta"},"content":{"rendered":"<p>Pinnaltaan huono. Transistorivastaanotin, hyv\u00e4 nuppisarja ja transistoreja mm. BDY20.<br \/><br \/>Varastoitu vaihtelevissa l\u00e4mp\u00f6tiloissa. Ei tutkittu tarkemmin.<\/p>","protected":false},"excerpt":{"rendered":"<p>Pinnaltaan huono. Transistorivastaanotin, hyv\u00e4 nuppisarja ja transistoreja mm. BDY20.Varastoitu vaihtelevissa l\u00e4mp\u00f6tiloissa. Ei tutkittu tarkemmin.<\/p>","protected":false},"featured_media":49469,"template":"","meta":[],"_links":{"self":[{"href":"https:\/\/www.radiomarket.fi\/en\/wp-json\/wp\/v2\/product\/49468"}],"collection":[{"href":"https:\/\/www.radiomarket.fi\/en\/wp-json\/wp\/v2\/product"}],"about":[{"href":"https:\/\/www.radiomarket.fi\/en\/wp-json\/wp\/v2\/types\/product"}],"wp:featuredmedia":[{"embeddable":true,"href":"https:\/\/www.radiomarket.fi\/en\/wp-json\/wp\/v2\/media\/49469"}],"wp:attachment":[{"href":"https:\/\/www.radiomarket.fi\/en\/wp-json\/wp\/v2\/media?parent=49468"}],"curies":[{"name":"wp","href":"https:\/\/api.w.org\/{rel}","templated":true}]}}