{"id":49511,"date":"2024-09-05T10:59:05","date_gmt":"2024-09-05T07:59:05","guid":{"rendered":"https:\/\/www.radiomarket.fi\/?post_type=product&#038;p=49511"},"modified":"2024-09-05T11:37:21","modified_gmt":"2024-09-05T08:37:21","slug":"ekua3898-helvar-nuppi-valkoinen-halk-35mm","status":"publish","type":"product","link":"https:\/\/www.radiomarket.fi\/en\/kohde\/ekua3898-helvar-nuppi-valkoinen-halk-35mm\/","title":{"rendered":"EKUA3898 Helvar nuppi valkoinen halk. 35mm"},"content":{"rendered":"<p>Helvar ja Celeston -merkkisiss\u00e4 50-luvun putkiradioissa k\u00e4ytetty rungoltaan valkoinen nuppi. K\u00e4ytettyj\u00e4, purkuradioista purettuja, myyd\u00e4\u00e4n paremmuusj\u00e4rjestyksess\u00e4. Ilmoitathan tilauksessasi tarvitsetko itse nupin ruuveineen, vai teetk\u00f6 tilauksen pelkkien metallinv\u00e4risten koristeosien vuoksi. T\u00e4ll\u00f6in osaamme valita asiakkaan tarpeisiin sopivan osan.\u00a0<br \/><br \/>Mitat: metallinen keskiosa (ns. p\u00f6lykapseli) halkaisija 24 mm.<br \/>Ulomman renkaan halkaisija 35 mm.<br \/>Nupin kokonaissyvyys xx mm.<br \/>Nupin ulomman reunan syvyys xx mm.<br \/>Nupin rungon halkaisija 36 mm.<br \/><br \/>T\u00e4llaista valkeaa nuppia on k\u00e4ytetty esimerkiksi seuraavissa putkiradioissa:<br \/><br \/>-Celeston Capella (halkaisijat varmistettu)<br \/>-Helvar Stereo Fanfar (halkaisijat varmistettu)<br \/><br \/><em>Samaa nuppirunkoa on k\u00e4ytetty <strong>ruskeana<\/strong> mm. seuraavissa vastaanottimissa. T\u00e4ll\u00f6in metallinv\u00e4risten koristeosien sopivuus pit\u00e4isi k\u00e4yd\u00e4 suoraan t\u00e4st\u00e4 tuotteesta (valkoisesta nupista). Tuotetta suositellaan asiakkaille, joilla on jo ruskea nuppi olemassa, mutta metalliset koristeosat ovat pudonneet pois. <\/em><br \/><em>Mitat: metallinen keskiosa (ns. p\u00f6lykapseli) halkaisija 23-24 mm.<\/em><br \/><em>Ulomman renkaan halkaisija 35-36 mm.<\/em><br \/><em>Nupin kokonaissyvyys 18-19 mm.<\/em><br \/><em>Nupin ulomman reunan syvyys 9-10 mm.<\/em><br \/><em>Nupin rungon halkaisija 36-37mm.<\/em><br \/><br \/><em>T\u00e4llaista ruskeaa nuppia on k\u00e4ytetty esimerkiksi seuraavissa putkiradioissa:<\/em><br \/><br \/><em>-Helvar Jubil\u00e9 (halkaisijat varmistettu)<\/em><br \/><em>-Celeston Royal (halkaisijat varmistettu)<\/em><br \/><em>-Salora Riviera(?) 10306\/2 (mitat varmistettu)<\/em><br \/><br \/><em>Ruskeaa nuppia ei ole t\u00e4ll\u00e4 hetkell\u00e4 myyd\u00e4 irrallisena niiden suuren kysynn\u00e4n vuoksi.<\/em><\/p>","protected":false},"excerpt":{"rendered":"<p>Kirjetoimitustuotteita kannattaa ostaa useampia kerralla, kukin kirjetoimitettava lis\u00e4tuote ostoskorissa nostaa kirjetoimituksen perusmaksua vain \u20ac0,10 (tilanne 9\/2024).<\/p>","protected":false},"featured_media":0,"template":"","meta":[],"_links":{"self":[{"href":"https:\/\/www.radiomarket.fi\/en\/wp-json\/wp\/v2\/product\/49511"}],"collection":[{"href":"https:\/\/www.radiomarket.fi\/en\/wp-json\/wp\/v2\/product"}],"about":[{"href":"https:\/\/www.radiomarket.fi\/en\/wp-json\/wp\/v2\/types\/product"}],"wp:attachment":[{"href":"https:\/\/www.radiomarket.fi\/en\/wp-json\/wp\/v2\/media?parent=49511"}],"curies":[{"name":"wp","href":"https:\/\/api.w.org\/{rel}","templated":true}]}}