{"id":49547,"date":"2024-09-08T20:20:24","date_gmt":"2024-09-08T17:20:24","guid":{"rendered":"https:\/\/www.radiomarket.fi\/?post_type=product&#038;p=49547"},"modified":"2024-09-08T20:23:07","modified_gmt":"2024-09-08T17:23:07","slug":"ekum0739-sinkitty-rautalanka-175-mm-vyyhti","status":"publish","type":"product","link":"https:\/\/www.radiomarket.fi\/en\/kohde\/ekum0739-sinkitty-rautalanka-175-mm-vyyhti\/","title":{"rendered":"EKUM0739 Sinkitty rautalanka 1,75 mm vyyhti"},"content":{"rendered":"<p>K\u00e4ytetty, vyyhditetty rautalanka erilaisten mallien v\u00e4\u00e4nt\u00e4miseen ja\u00a0 v\u00e4ltt\u00e4m\u00e4t\u00f6n raaka-aine pikkukorjauksiin. Tai isoihin remontteihin. Paksuus noin 1,75 mm, pituus v\u00e4hint\u00e4\u00e4n pari metri\u00e4.<\/p><p>Vyyhdin koko vaihtelee. <\/p>","protected":false},"excerpt":{"rendered":"<p>K\u00e4ytetty, vyyhditetty rautalanka erilaisten mallien v\u00e4\u00e4nt\u00e4miseen ja\u00a0 v\u00e4ltt\u00e4m\u00e4t\u00f6n raaka-aine pikkukorjauksiin. Tai isoihin remontteihin. Paksuus noin 1,75 mm, pituus v\u00e4hint\u00e4\u00e4n pari metri\u00e4.Vyyhdin koko vaihtelee.<\/p>","protected":false},"featured_media":49545,"template":"","meta":[],"_links":{"self":[{"href":"https:\/\/www.radiomarket.fi\/en\/wp-json\/wp\/v2\/product\/49547"}],"collection":[{"href":"https:\/\/www.radiomarket.fi\/en\/wp-json\/wp\/v2\/product"}],"about":[{"href":"https:\/\/www.radiomarket.fi\/en\/wp-json\/wp\/v2\/types\/product"}],"wp:featuredmedia":[{"embeddable":true,"href":"https:\/\/www.radiomarket.fi\/en\/wp-json\/wp\/v2\/media\/49545"}],"wp:attachment":[{"href":"https:\/\/www.radiomarket.fi\/en\/wp-json\/wp\/v2\/media?parent=49547"}],"curies":[{"name":"wp","href":"https:\/\/api.w.org\/{rel}","templated":true}]}}