{"id":49559,"date":"2024-09-09T12:49:57","date_gmt":"2024-09-09T09:49:57","guid":{"rendered":"https:\/\/www.radiomarket.fi\/?post_type=product&#038;p=49559"},"modified":"2024-09-10T08:18:57","modified_gmt":"2024-09-10T05:18:57","slug":"ekub0726-kolmivaiherelekytkin-stromberg-puretaan-kopio","status":"publish","type":"product","link":"https:\/\/www.radiomarket.fi\/en\/kohde\/ekub0726-kolmivaiherelekytkin-stromberg-puretaan-kopio\/","title":{"rendered":"EKUB0726 kolmivaiherelekytkin Str\u00f6mberg puretaan"},"content":{"rendered":"<p>Kotelo ja painikkeet, ei avattu onko muuta sis\u00e4ll\u00e4.<\/p>","protected":false},"excerpt":{"rendered":"<p>Kotelo ja painikkeet, ei avattu onko muuta sis\u00e4ll\u00e4.<\/p>","protected":false},"featured_media":49590,"template":"","meta":[],"_links":{"self":[{"href":"https:\/\/www.radiomarket.fi\/en\/wp-json\/wp\/v2\/product\/49559"}],"collection":[{"href":"https:\/\/www.radiomarket.fi\/en\/wp-json\/wp\/v2\/product"}],"about":[{"href":"https:\/\/www.radiomarket.fi\/en\/wp-json\/wp\/v2\/types\/product"}],"wp:featuredmedia":[{"embeddable":true,"href":"https:\/\/www.radiomarket.fi\/en\/wp-json\/wp\/v2\/media\/49590"}],"wp:attachment":[{"href":"https:\/\/www.radiomarket.fi\/en\/wp-json\/wp\/v2\/media?parent=49559"}],"curies":[{"name":"wp","href":"https:\/\/api.w.org\/{rel}","templated":true}]}}