{"id":49572,"date":"2024-09-10T07:59:41","date_gmt":"2024-09-10T04:59:41","guid":{"rendered":"https:\/\/www.radiomarket.fi\/?post_type=product&#038;p=49572"},"modified":"2024-09-18T11:37:27","modified_gmt":"2024-09-18T08:37:27","slug":"ekub0730-wifi-adsl-romua","status":"publish","type":"product","link":"https:\/\/www.radiomarket.fi\/en\/kohde\/ekub0730-wifi-adsl-romua\/","title":{"rendered":"EKUB0730 Wifi ADSL -romua"},"content":{"rendered":"<p>K\u00e4ytetyt testaamattomat modeemit ja tukiasemat 3 kpl yhten\u00e4 er\u00e4n\u00e4. Ei verkkolaitteita. 2000-luvun alku.<\/p>","protected":false},"excerpt":{"rendered":"<p>K\u00e4ytetyt testaamattomat modeemit ja tukiasemat 3 kpl yhten\u00e4 er\u00e4n\u00e4. Ei verkkolaitteita. 2000-luvun alku.<\/p>","protected":false},"featured_media":49583,"template":"","meta":[],"_links":{"self":[{"href":"https:\/\/www.radiomarket.fi\/en\/wp-json\/wp\/v2\/product\/49572"}],"collection":[{"href":"https:\/\/www.radiomarket.fi\/en\/wp-json\/wp\/v2\/product"}],"about":[{"href":"https:\/\/www.radiomarket.fi\/en\/wp-json\/wp\/v2\/types\/product"}],"wp:featuredmedia":[{"embeddable":true,"href":"https:\/\/www.radiomarket.fi\/en\/wp-json\/wp\/v2\/media\/49583"}],"wp:attachment":[{"href":"https:\/\/www.radiomarket.fi\/en\/wp-json\/wp\/v2\/media?parent=49572"}],"curies":[{"name":"wp","href":"https:\/\/api.w.org\/{rel}","templated":true}]}}