{"id":49604,"date":"2024-12-06T17:18:48","date_gmt":"2024-12-06T15:18:48","guid":{"rendered":"https:\/\/www.radiomarket.fi\/?post_type=product&#038;p=49604"},"modified":"2024-12-06T19:44:34","modified_gmt":"2024-12-06T17:44:34","slug":"ekub0726-creative-aktiivikaiuttimet","status":"publish","type":"product","link":"https:\/\/www.radiomarket.fi\/en\/kohde\/ekub0726-creative-aktiivikaiuttimet\/","title":{"rendered":"EKUB0777 Creative SBS260 aktiivikaiuttimet"},"content":{"rendered":"<p>K\u00e4ytetty, p\u00e4\u00e4llisin puolin hyv\u00e4kuntoinen sarja. 9 voltin vaihtovirtaverkkolaite puuttuu. 9 VAC.<\/p>","protected":false},"excerpt":{"rendered":"<p>K\u00e4ytetty, p\u00e4\u00e4llisin puolin hyv\u00e4kuntoinen sarja. 9 voltin vaihtovirtaverkkolaite puuttuu. 9 VAC.<\/p>","protected":false},"featured_media":50513,"template":"","meta":[],"_links":{"self":[{"href":"https:\/\/www.radiomarket.fi\/en\/wp-json\/wp\/v2\/product\/49604"}],"collection":[{"href":"https:\/\/www.radiomarket.fi\/en\/wp-json\/wp\/v2\/product"}],"about":[{"href":"https:\/\/www.radiomarket.fi\/en\/wp-json\/wp\/v2\/types\/product"}],"wp:featuredmedia":[{"embeddable":true,"href":"https:\/\/www.radiomarket.fi\/en\/wp-json\/wp\/v2\/media\/50513"}],"wp:attachment":[{"href":"https:\/\/www.radiomarket.fi\/en\/wp-json\/wp\/v2\/media?parent=49604"}],"curies":[{"name":"wp","href":"https:\/\/api.w.org\/{rel}","templated":true}]}}