{"id":49605,"date":"2024-09-11T09:21:56","date_gmt":"2024-09-11T06:21:56","guid":{"rendered":"https:\/\/www.radiomarket.fi\/?post_type=product&#038;p=49605"},"modified":"2024-09-11T10:40:52","modified_gmt":"2024-09-11T07:40:52","slug":"ekub0733-stromberg-40a-pistorasia","status":"publish","type":"product","link":"https:\/\/www.radiomarket.fi\/en\/kohde\/ekub0733-stromberg-40a-pistorasia\/","title":{"rendered":"EKUB0733 Str\u00f6mberg 40A pistorasia"},"content":{"rendered":"<p>K\u00e4ytetty, n\u00e4ytt\u00e4\u00e4 t\u00e4ydelliselt\u00e4. Ei tutkittu tarkemmin. Kolmivaihepistorasia<\/p>","protected":false},"excerpt":{"rendered":"<p>K\u00e4ytetty, n\u00e4ytt\u00e4\u00e4 t\u00e4ydelliselt\u00e4. Ei tutkittu tarkemmin. Kolmivaihepistorasia<\/p>","protected":false},"featured_media":49612,"template":"","meta":[],"_links":{"self":[{"href":"https:\/\/www.radiomarket.fi\/en\/wp-json\/wp\/v2\/product\/49605"}],"collection":[{"href":"https:\/\/www.radiomarket.fi\/en\/wp-json\/wp\/v2\/product"}],"about":[{"href":"https:\/\/www.radiomarket.fi\/en\/wp-json\/wp\/v2\/types\/product"}],"wp:featuredmedia":[{"embeddable":true,"href":"https:\/\/www.radiomarket.fi\/en\/wp-json\/wp\/v2\/media\/49612"}],"wp:attachment":[{"href":"https:\/\/www.radiomarket.fi\/en\/wp-json\/wp\/v2\/media?parent=49605"}],"curies":[{"name":"wp","href":"https:\/\/api.w.org\/{rel}","templated":true}]}}