{"id":49609,"date":"2024-09-11T09:43:34","date_gmt":"2024-09-11T06:43:34","guid":{"rendered":"https:\/\/www.radiomarket.fi\/?post_type=product&#038;p=49609"},"modified":"2025-01-06T10:43:13","modified_gmt":"2025-01-06T08:43:13","slug":"ekub0737-briggsstratton-298090s-polttoainesuodin-nos","status":"publish","type":"product","link":"https:\/\/www.radiomarket.fi\/en\/kohde\/ekub0737-briggsstratton-298090s-polttoainesuodin-nos\/","title":{"rendered":"EKUB0737 Briggs&amp;Stratton 298090S polttoainesuodin NOS"},"content":{"rendered":"<p>Letkuun asennettava malli. Ei suositella polttoainepumpullisiin moottoreihin. Merkkivaraosa. NOS = New Old Stock = K\u00e4ytt\u00e4m\u00e4t\u00f6n vanhaa varastoa.<\/p>","protected":false},"excerpt":{"rendered":"<p>Kirjetoimitustuotteita kannattaa tilata useampi kerralla, lis\u00e4tuote nostaa postikulun osuutta vain noin 10 sentill\u00e4 (tilanne 9\/24).<\/p>","protected":false},"featured_media":49621,"template":"","meta":[],"_links":{"self":[{"href":"https:\/\/www.radiomarket.fi\/en\/wp-json\/wp\/v2\/product\/49609"}],"collection":[{"href":"https:\/\/www.radiomarket.fi\/en\/wp-json\/wp\/v2\/product"}],"about":[{"href":"https:\/\/www.radiomarket.fi\/en\/wp-json\/wp\/v2\/types\/product"}],"wp:featuredmedia":[{"embeddable":true,"href":"https:\/\/www.radiomarket.fi\/en\/wp-json\/wp\/v2\/media\/49621"}],"wp:attachment":[{"href":"https:\/\/www.radiomarket.fi\/en\/wp-json\/wp\/v2\/media?parent=49609"}],"curies":[{"name":"wp","href":"https:\/\/api.w.org\/{rel}","templated":true}]}}