{"id":49622,"date":"2024-09-11T10:47:56","date_gmt":"2024-09-11T07:47:56","guid":{"rendered":"https:\/\/www.radiomarket.fi\/?post_type=product&#038;p=49622"},"modified":"2024-09-11T11:12:25","modified_gmt":"2024-09-11T08:12:25","slug":"ekub0738-230v-pinta-asennusrasioita-1950-60-luku-kaytetty","status":"publish","type":"product","link":"https:\/\/www.radiomarket.fi\/en\/kohde\/ekub0738-230v-pinta-asennusrasioita-1950-60-luku-kaytetty\/","title":{"rendered":"EKUB0738 230V Pinta-asennusrasioita 1950-60-luku k\u00e4ytetty"},"content":{"rendered":"<p>K\u00e4ytettyj\u00e4, hinta yhdelt\u00e4. Ilmoita mink\u00e4 numeroisen haluat tilatessasi. Ei testattu.<\/p>","protected":false},"excerpt":{"rendered":"<p>K\u00e4ytettyj\u00e4, hinta yhdelt\u00e4. Ilmoita mink\u00e4 numeroisen haluat tilatessasi. Ei testattu.<\/p>","protected":false},"featured_media":49623,"template":"","meta":[],"_links":{"self":[{"href":"https:\/\/www.radiomarket.fi\/en\/wp-json\/wp\/v2\/product\/49622"}],"collection":[{"href":"https:\/\/www.radiomarket.fi\/en\/wp-json\/wp\/v2\/product"}],"about":[{"href":"https:\/\/www.radiomarket.fi\/en\/wp-json\/wp\/v2\/types\/product"}],"wp:featuredmedia":[{"embeddable":true,"href":"https:\/\/www.radiomarket.fi\/en\/wp-json\/wp\/v2\/media\/49623"}],"wp:attachment":[{"href":"https:\/\/www.radiomarket.fi\/en\/wp-json\/wp\/v2\/media?parent=49622"}],"curies":[{"name":"wp","href":"https:\/\/api.w.org\/{rel}","templated":true}]}}