{"id":49688,"date":"2024-09-18T11:03:55","date_gmt":"2024-09-18T08:03:55","guid":{"rendered":"https:\/\/www.radiomarket.fi\/?post_type=product&#038;p=49688"},"modified":"2024-09-27T11:20:09","modified_gmt":"2024-09-27T08:20:09","slug":"ekub0740-itt-schaub-lorenz-tiny-30-matkaradio-tulossa","status":"publish","type":"product","link":"https:\/\/www.radiomarket.fi\/en\/kohde\/ekub0740-itt-schaub-lorenz-tiny-30-matkaradio-tulossa\/","title":{"rendered":"EKUB0740 ITT Schaub-Lorenz Tiny 30 matkaradio"},"content":{"rendered":"<p>K\u00e4ytetty, toimii. \u00c4\u00e4nenvoimakkuuss\u00e4\u00e4d\u00f6ss\u00e4 rutinaa, teleskooppiantennin huippunuppi puuttuu.\u00a0 Antenninuppi on kierteell\u00e4 ja siten mahdollista korvata toisella nupilla tai mutterilla. Kantokahvan toinen ruuvi alkuper\u00e4isine prikkoineen on mukana, vastamutteri on luultavasti radion sis\u00e4ll\u00e4 irrallaan. Suosittelemme t\u00e4m\u00e4n selvitt\u00e4mist\u00e4 ennen radion p\u00e4\u00e4lle kytkemist\u00e4 oikosulkujen v\u00e4ltt\u00e4miseksi. Sangan muovista puuttuu toisesta p\u00e4\u00e4st\u00e4 pala. Kaiutinritil\u00e4st\u00e4 puuttuu pala.<\/p>","protected":false},"excerpt":{"rendered":"<p>Paristokotelon kannessa valukoodi 13131-**52<\/p>","protected":false},"featured_media":49763,"template":"","meta":[],"_links":{"self":[{"href":"https:\/\/www.radiomarket.fi\/en\/wp-json\/wp\/v2\/product\/49688"}],"collection":[{"href":"https:\/\/www.radiomarket.fi\/en\/wp-json\/wp\/v2\/product"}],"about":[{"href":"https:\/\/www.radiomarket.fi\/en\/wp-json\/wp\/v2\/types\/product"}],"wp:featuredmedia":[{"embeddable":true,"href":"https:\/\/www.radiomarket.fi\/en\/wp-json\/wp\/v2\/media\/49763"}],"wp:attachment":[{"href":"https:\/\/www.radiomarket.fi\/en\/wp-json\/wp\/v2\/media?parent=49688"}],"curies":[{"name":"wp","href":"https:\/\/api.w.org\/{rel}","templated":true}]}}