{"id":49739,"date":"2025-07-03T11:59:20","date_gmt":"2025-07-03T08:59:20","guid":{"rendered":"https:\/\/www.radiomarket.fi\/?post_type=product&#038;p=49739"},"modified":"2025-07-03T13:09:08","modified_gmt":"2025-07-03T10:09:08","slug":"ekum3275-sony-cfd-s22l","status":"publish","type":"product","link":"https:\/\/www.radiomarket.fi\/en\/kohde\/ekum3275-sony-cfd-s22l\/","title":{"rendered":"EKUM3275 Sony CFD-S22L soiva radio"},"content":{"rendered":"<p>Testattu 9\/2024. Radio kuuluu. Kasetti toistuu mutta \u00e4\u00e4ni tuntuu jotenkin tummalta. Antenni poikki. Radio vaikuttaa herk\u00e4lt\u00e4, koska vastaanottaa hyvin asemia my\u00f6s poikkimenneell\u00e4 antennilla testipaikassamme, joka ei sijaitse l\u00e4hell\u00e4 voimakkaita l\u00e4hetysasemia. Laitteesta katsottuna vasemmanpuoleisessa verkossa sormenp\u00e4\u00e4n kokoinen painuma. Ei tutkittu tarkemmin.<\/p>","protected":false},"excerpt":{"rendered":"<p>Testattu 9\/2024. Radio kuuluu. Kasetti toistuu mutta \u00e4\u00e4ni tuntuu jotenkin tummalta. Antenni poikki. Radio vaikuttaa herk\u00e4lt\u00e4, koska vastaanottaa hyvin asemia my\u00f6s poikkimenneell\u00e4 antennilla testipaikassamme, joka ei sijaitse l\u00e4hell\u00e4 voimakkaita l\u00e4hetysasemia. Laitteesta katsottuna vasemmanpuoleisessa verkossa sormenp\u00e4\u00e4n kokoinen painuma. Ei tutkittu tarkemmin.<\/p>","protected":false},"featured_media":49742,"template":"","meta":[],"_links":{"self":[{"href":"https:\/\/www.radiomarket.fi\/en\/wp-json\/wp\/v2\/product\/49739"}],"collection":[{"href":"https:\/\/www.radiomarket.fi\/en\/wp-json\/wp\/v2\/product"}],"about":[{"href":"https:\/\/www.radiomarket.fi\/en\/wp-json\/wp\/v2\/types\/product"}],"wp:featuredmedia":[{"embeddable":true,"href":"https:\/\/www.radiomarket.fi\/en\/wp-json\/wp\/v2\/media\/49742"}],"wp:attachment":[{"href":"https:\/\/www.radiomarket.fi\/en\/wp-json\/wp\/v2\/media?parent=49739"}],"curies":[{"name":"wp","href":"https:\/\/api.w.org\/{rel}","templated":true}]}}