{"id":49775,"date":"2024-10-16T10:49:06","date_gmt":"2024-10-16T07:49:06","guid":{"rendered":"https:\/\/www.radiomarket.fi\/?post_type=product&#038;p=49775"},"modified":"2025-02-11T19:23:57","modified_gmt":"2025-02-11T17:23:57","slug":"6p14p-cyrillic-6%d0%bf14%d0%bf-vastaava-kuin-el84-elektroniputki-ekus","status":"publish","type":"product","link":"https:\/\/www.radiomarket.fi\/en\/kohde\/6p14p-cyrillic-6%d0%bf14%d0%bf-vastaava-kuin-el84-elektroniputki-ekus\/","title":{"rendered":"Elektroniputki 6P14P (Cyrillic: 6\u041f14\u041f) voidaan k\u00e4ytt\u00e4\u00e4 putken EL84 tilalla (EKUS)"},"content":{"rendered":"<p>SRHS:n j\u00e4senille saatavilla erisuuruisia alennuksia, ilmoita j\u00e4senyydest\u00e4si tilauksen yhteydess\u00e4.<br \/><br \/><\/p><div>Putkea 6P14P voidaan k\u00e4ytt\u00e4\u00e4 EL84 tilalla. Sen sijaan neuvostoputken korvaamista EL84:ll\u00e4 emme suosittele. Jos joku panee EL84:n 6\u041f14\u041f:n tilalle, voi EL84 olla lyhytik\u00e4inen, koska neuvostoputken hilaetuj\u00e4nnite on erilainen.<\/div><p><br \/><br \/>Putkihinnoittelun perusteet ja hinnanmuodostus listahinnasta k\u00e4ytettyjen putkien tullessa kyseeseen l\u00f6ytyy sivuiltamme: https:\/\/radiomuseo.wordpress.com\/varaosa-ja-dokumenttipalvelu\/<\/p>","protected":false},"excerpt":{"rendered":"<p>Kirjetoimitustuotteita kannattaa tilata kerralla useampiakin, lis\u00e4tuote nostaa postikuluja vain noin 10 snt\/tuote 9\/2024 tilanteen mukaan.<\/p>","protected":false},"featured_media":17169,"template":"","meta":[],"_links":{"self":[{"href":"https:\/\/www.radiomarket.fi\/en\/wp-json\/wp\/v2\/product\/49775"}],"collection":[{"href":"https:\/\/www.radiomarket.fi\/en\/wp-json\/wp\/v2\/product"}],"about":[{"href":"https:\/\/www.radiomarket.fi\/en\/wp-json\/wp\/v2\/types\/product"}],"wp:featuredmedia":[{"embeddable":true,"href":"https:\/\/www.radiomarket.fi\/en\/wp-json\/wp\/v2\/media\/17169"}],"wp:attachment":[{"href":"https:\/\/www.radiomarket.fi\/en\/wp-json\/wp\/v2\/media?parent=49775"}],"curies":[{"name":"wp","href":"https:\/\/api.w.org\/{rel}","templated":true}]}}