{"id":49865,"date":"2024-10-02T13:59:27","date_gmt":"2024-10-02T10:59:27","guid":{"rendered":"https:\/\/www.radiomarket.fi\/?post_type=product&#038;p=49865"},"modified":"2025-08-12T11:26:26","modified_gmt":"2025-08-12T08:26:26","slug":"lars0163-philips-823b-paristoputkiradio","status":"publish","type":"product","link":"https:\/\/www.radiomarket.fi\/en\/kohde\/lars0163-philips-823b-paristoputkiradio\/","title":{"rendered":"LARS0163 Philips 823B paristoputkiradio"},"content":{"rendered":"<p>T\u00e4h\u00e4n sopiva takalevy on saattanut joutua erilleen aiemmassa sijoituspaikassaan (ellei jo aiemmin) ja saattaa siten l\u00f6yty\u00e4 sarjalle LARS01xx luetteloiduista takalevyist\u00e4.<br \/><strong><br \/>Seuraavat osat puuttuvat tai viallisia:<\/strong><\/p><p>Ei takalevy\u00e4, ei logoa.<br \/><br \/><\/p><p>Tutkittu hyvin pintapuolisesti varastointivaiheessa. Tuotteesta voi olla purettu muitakin osia tai siin\u00e4 voi olla muita puutteita. Varmista tietojen oikeellisuus myyj\u00e4lt\u00e4. Ei tutkittu tarkemmin.\u00a0<\/p>","protected":false},"excerpt":{"rendered":"<p>Suosittelemme putkiradioille s\u00e4rkyv\u00e4-lis\u00e4palvelua (ostettavissa erillisen\u00e4 tuotteena).<\/p>","protected":false},"featured_media":49880,"template":"","meta":[],"_links":{"self":[{"href":"https:\/\/www.radiomarket.fi\/en\/wp-json\/wp\/v2\/product\/49865"}],"collection":[{"href":"https:\/\/www.radiomarket.fi\/en\/wp-json\/wp\/v2\/product"}],"about":[{"href":"https:\/\/www.radiomarket.fi\/en\/wp-json\/wp\/v2\/types\/product"}],"wp:featuredmedia":[{"embeddable":true,"href":"https:\/\/www.radiomarket.fi\/en\/wp-json\/wp\/v2\/media\/49880"}],"wp:attachment":[{"href":"https:\/\/www.radiomarket.fi\/en\/wp-json\/wp\/v2\/media?parent=49865"}],"curies":[{"name":"wp","href":"https:\/\/api.w.org\/{rel}","templated":true}]}}