{"id":49917,"date":"2024-10-03T12:49:37","date_gmt":"2024-10-03T09:49:37","guid":{"rendered":"https:\/\/www.radiomarket.fi\/?post_type=product&#038;p=49917"},"modified":"2024-10-03T21:52:27","modified_gmt":"2024-10-03T18:52:27","slug":"ekum3292-trio-9r-59ds-liikennevastaanotin-communications-receiver","status":"publish","type":"product","link":"https:\/\/www.radiomarket.fi\/en\/kohde\/ekum3292-trio-9r-59ds-liikennevastaanotin-communications-receiver\/","title":{"rendered":"EKUM3292 TRIO 9R-59DS liikennevastaanotin \/ Kenwood communications receiver"},"content":{"rendered":"<p>Suurtaajuusputki vaihdettu parempaan. (6BZ6). My\u00f6s tullut hieman kuuroksi ? Pohjassa johto taajuuslaskimelle.<br \/><br \/>Lahjoittajan mukaan esine n\u00e4ytt\u00e4isi toimivan s\u00e4hk\u00f6isesti ainakin jollain tavoin (tieto 8\/2024).<br \/><br \/>Yll\u00e4 kerrotut toimintatiedot suoraan esineen museoyhdistykselle lahjoittaneelta taholta, ei tutkittu eik\u00e4 testattu meill\u00e4 tarkemmin. Kokeiltu 10\/2024 sen verran ett\u00e4 virta tulee, samassa tarkastelussa havaittu ett\u00e4 kannen ruuvit puuttuvat ja viritysnupin ymp\u00e4rilt\u00e4 puuttuu maalia (kts. kuva).<br \/><br \/>Teknisi\u00e4 tietoja ja mm. manuaalit sivustolla\u00a0<br \/>https:\/\/www.rigpix.com\/kenwood\/9r59ds.htm (20241003)<br \/><br \/><\/p>","protected":false},"excerpt":{"rendered":"<p>Suurtaajuusputki vaihdettu parempaan. (6BZ6). My\u00f6s tullut hieman kuuroksi ? Pohjassa johto taajuuslaskimelle.Lahjoittajan mukaan esine n\u00e4ytt\u00e4isi toimivan s\u00e4hk\u00f6isesti ainakin jollain tavoin (tieto 8\/2024).Yll\u00e4 kerrotut toimintatiedot suoraan esineen museoyhdistykselle lahjoittaneelta taholta, ei tutkittu eik\u00e4 testattu meill\u00e4 tarkemmin. Kokeiltu 10\/2024 sen verran ett\u00e4 virta tulee, samassa tarkastelussa havaittu ett\u00e4 kannen ruuvit puuttuvat ja viritysnupin ymp\u00e4rilt\u00e4 puuttuu maalia (kts. &hellip;<\/p>\n<p class=\"read-more\"> <a class=\"thunk-readmore button\" href=\"https:\/\/www.radiomarket.fi\/en\/kohde\/ekum3292-trio-9r-59ds-liikennevastaanotin-communications-receiver\/\"> <span class=\"screen-reader-text\">EKUM3292 TRIO 9R-59DS liikennevastaanotin \/ Kenwood communications receiver<\/span>Read More<\/a><\/p>","protected":false},"featured_media":49921,"template":"","meta":[],"_links":{"self":[{"href":"https:\/\/www.radiomarket.fi\/en\/wp-json\/wp\/v2\/product\/49917"}],"collection":[{"href":"https:\/\/www.radiomarket.fi\/en\/wp-json\/wp\/v2\/product"}],"about":[{"href":"https:\/\/www.radiomarket.fi\/en\/wp-json\/wp\/v2\/types\/product"}],"wp:featuredmedia":[{"embeddable":true,"href":"https:\/\/www.radiomarket.fi\/en\/wp-json\/wp\/v2\/media\/49921"}],"wp:attachment":[{"href":"https:\/\/www.radiomarket.fi\/en\/wp-json\/wp\/v2\/media?parent=49917"}],"curies":[{"name":"wp","href":"https:\/\/api.w.org\/{rel}","templated":true}]}}