{"id":49922,"date":"2024-10-03T15:15:20","date_gmt":"2024-10-03T12:15:20","guid":{"rendered":"https:\/\/www.radiomarket.fi\/?post_type=product&#038;p=49922"},"modified":"2025-04-17T10:52:42","modified_gmt":"2025-04-17T07:52:42","slug":"ekum3291-mfj-1278-multimode","status":"publish","type":"product","link":"https:\/\/www.radiomarket.fi\/en\/kohde\/ekum3291-mfj-1278-multimode\/","title":{"rendered":"EKUM3291 MFJ-1278 MULTIMODE"},"content":{"rendered":"<p>Hankinta 90-luvun alussa. Manuaalit on.<br \/><br \/>Lahjoittajan mukaan esine n\u00e4ytt\u00e4isi toimivan s\u00e4hk\u00f6isesti ainakin jollain tavoin (tieto 8\/2024).<br \/><br \/>Yll\u00e4 kerrotut toimintatiedot suoraan esineen museoyhdistykselle lahjoittaneelta taholta, ei tutkittu eik\u00e4 testattu meill\u00e4 tarkemmin.\u00a0<br \/><br \/><\/p>","protected":false},"excerpt":{"rendered":"<p>Hankinta 90-luvun alussa. Manuaalit on.Lahjoittajan mukaan esine n\u00e4ytt\u00e4isi toimivan s\u00e4hk\u00f6isesti ainakin jollain tavoin (tieto 8\/2024).Yll\u00e4 kerrotut toimintatiedot suoraan esineen museoyhdistykselle lahjoittaneelta taholta, ei tutkittu eik\u00e4 testattu meill\u00e4 tarkemmin.\u00a0<\/p>","protected":false},"featured_media":49927,"template":"","meta":[],"_links":{"self":[{"href":"https:\/\/www.radiomarket.fi\/en\/wp-json\/wp\/v2\/product\/49922"}],"collection":[{"href":"https:\/\/www.radiomarket.fi\/en\/wp-json\/wp\/v2\/product"}],"about":[{"href":"https:\/\/www.radiomarket.fi\/en\/wp-json\/wp\/v2\/types\/product"}],"wp:featuredmedia":[{"embeddable":true,"href":"https:\/\/www.radiomarket.fi\/en\/wp-json\/wp\/v2\/media\/49927"}],"wp:attachment":[{"href":"https:\/\/www.radiomarket.fi\/en\/wp-json\/wp\/v2\/media?parent=49922"}],"curies":[{"name":"wp","href":"https:\/\/api.w.org\/{rel}","templated":true}]}}