{"id":49981,"date":"2024-10-08T20:25:16","date_gmt":"2024-10-08T17:25:16","guid":{"rendered":"https:\/\/www.radiomarket.fi\/?post_type=product&#038;p=49981"},"modified":"2024-10-09T10:38:29","modified_gmt":"2024-10-09T07:38:29","slug":"ekum0747-philips-vastusvalikoima-100ohm-22-megaohmia-vajaa","status":"publish","type":"product","link":"https:\/\/www.radiomarket.fi\/en\/kohde\/ekum0747-philips-vastusvalikoima-100ohm-22-megaohmia-vajaa\/","title":{"rendered":"EKUM0747 Philips vastusvalikoima 100ohm-2,2 megaohmia vajaa"},"content":{"rendered":"<p>Huoltok\u00e4ytt\u00f6\u00f6n valmistettu varaosavastuslajitelma. Muutama vastus puuttuu.<\/p>","protected":false},"excerpt":{"rendered":"<p>Kirjetoimitustuotteita kannattaa tilata samalla useampikin, yksi lis\u00e4tuote korottaa rahtimaksua vain kymmenell\u00e4 sentill\u00e4 (10\/24)<\/p>","protected":false},"featured_media":49982,"template":"","meta":[],"_links":{"self":[{"href":"https:\/\/www.radiomarket.fi\/en\/wp-json\/wp\/v2\/product\/49981"}],"collection":[{"href":"https:\/\/www.radiomarket.fi\/en\/wp-json\/wp\/v2\/product"}],"about":[{"href":"https:\/\/www.radiomarket.fi\/en\/wp-json\/wp\/v2\/types\/product"}],"wp:featuredmedia":[{"embeddable":true,"href":"https:\/\/www.radiomarket.fi\/en\/wp-json\/wp\/v2\/media\/49982"}],"wp:attachment":[{"href":"https:\/\/www.radiomarket.fi\/en\/wp-json\/wp\/v2\/media?parent=49981"}],"curies":[{"name":"wp","href":"https:\/\/api.w.org\/{rel}","templated":true}]}}