{"id":49985,"date":"2024-10-08T20:37:02","date_gmt":"2024-10-08T17:37:02","guid":{"rendered":"https:\/\/www.radiomarket.fi\/?post_type=product&#038;p=49985"},"modified":"2025-07-03T16:33:11","modified_gmt":"2025-07-03T13:33:11","slug":"ekum0749-philips-tantaalikondensaattorivalikoima","status":"publish","type":"product","link":"https:\/\/www.radiomarket.fi\/en\/kohde\/ekum0749-philips-tantaalikondensaattorivalikoima\/","title":{"rendered":"EKUM0749 Philips tantaalikondensaattorivalikoima"},"content":{"rendered":"<p>Huoltok\u00e4ytt\u00f6\u00f6n valmistettu varaosakondensaattorilajitelma. Mukana ylim\u00e4\u00e4r\u00e4isi\u00e4 tantaaleja kuvan mukaisesti.<\/p>","protected":false},"excerpt":{"rendered":"<p>Kirjetoimitustuotteita kannattaa tilata samalla useampikin, yksi lis\u00e4tuote korottaa rahtimaksua vain kymmenell\u00e4 sentill\u00e4 (10\/24)<\/p>","protected":false},"featured_media":49986,"template":"","meta":[],"_links":{"self":[{"href":"https:\/\/www.radiomarket.fi\/en\/wp-json\/wp\/v2\/product\/49985"}],"collection":[{"href":"https:\/\/www.radiomarket.fi\/en\/wp-json\/wp\/v2\/product"}],"about":[{"href":"https:\/\/www.radiomarket.fi\/en\/wp-json\/wp\/v2\/types\/product"}],"wp:featuredmedia":[{"embeddable":true,"href":"https:\/\/www.radiomarket.fi\/en\/wp-json\/wp\/v2\/media\/49986"}],"wp:attachment":[{"href":"https:\/\/www.radiomarket.fi\/en\/wp-json\/wp\/v2\/media?parent=49985"}],"curies":[{"name":"wp","href":"https:\/\/api.w.org\/{rel}","templated":true}]}}