{"id":49987,"date":"2024-10-08T20:42:11","date_gmt":"2024-10-08T17:42:11","guid":{"rendered":"https:\/\/www.radiomarket.fi\/?post_type=product&#038;p=49987"},"modified":"2024-10-09T10:38:28","modified_gmt":"2024-10-09T07:38:28","slug":"ekum0750-philips-huoltokondensaattorivalikoima","status":"publish","type":"product","link":"https:\/\/www.radiomarket.fi\/en\/kohde\/ekum0750-philips-huoltokondensaattorivalikoima\/","title":{"rendered":"EKUM0750 Philips huoltokondensaattorivalikoima NOS"},"content":{"rendered":"<p>Huoltok\u00e4ytt\u00f6\u00f6n valmistettu varaosakondensaattorilajitelma. Muutama kondensaattori puuttuu.<\/p>","protected":false},"excerpt":{"rendered":"<p>Kirjetoimitustuotteita kannattaa tilata samalla useampikin, yksi lis\u00e4tuote korottaa rahtimaksua vain kymmenell\u00e4 sentill\u00e4 (10\/24)<\/p>","protected":false},"featured_media":49988,"template":"","meta":[],"_links":{"self":[{"href":"https:\/\/www.radiomarket.fi\/en\/wp-json\/wp\/v2\/product\/49987"}],"collection":[{"href":"https:\/\/www.radiomarket.fi\/en\/wp-json\/wp\/v2\/product"}],"about":[{"href":"https:\/\/www.radiomarket.fi\/en\/wp-json\/wp\/v2\/types\/product"}],"wp:featuredmedia":[{"embeddable":true,"href":"https:\/\/www.radiomarket.fi\/en\/wp-json\/wp\/v2\/media\/49988"}],"wp:attachment":[{"href":"https:\/\/www.radiomarket.fi\/en\/wp-json\/wp\/v2\/media?parent=49987"}],"curies":[{"name":"wp","href":"https:\/\/api.w.org\/{rel}","templated":true}]}}