{"id":49989,"date":"2024-10-08T20:45:53","date_gmt":"2024-10-08T17:45:53","guid":{"rendered":"https:\/\/www.radiomarket.fi\/?post_type=product&#038;p=49989"},"modified":"2024-10-09T10:38:29","modified_gmt":"2024-10-09T07:38:29","slug":"ekum0751-philips-huoltokondensaattorivalikoima","status":"publish","type":"product","link":"https:\/\/www.radiomarket.fi\/en\/kohde\/ekum0751-philips-huoltokondensaattorivalikoima\/","title":{"rendered":"EKUM0751 Philips huoltokondensaattorivalikoima"},"content":{"rendered":"<p>Kourallinen varaosakondensaattoreita, useimmat k\u00e4ytt\u00e4m\u00e4tt\u00f6mi\u00e4.<\/p>","protected":false},"excerpt":{"rendered":"<p>Kirjetoimitustuotteita kannattaa tilata samalla useampikin, yksi lis\u00e4tuote korottaa rahtimaksua vain kymmenell\u00e4 sentill\u00e4 (10\/24)<\/p>","protected":false},"featured_media":49990,"template":"","meta":[],"_links":{"self":[{"href":"https:\/\/www.radiomarket.fi\/en\/wp-json\/wp\/v2\/product\/49989"}],"collection":[{"href":"https:\/\/www.radiomarket.fi\/en\/wp-json\/wp\/v2\/product"}],"about":[{"href":"https:\/\/www.radiomarket.fi\/en\/wp-json\/wp\/v2\/types\/product"}],"wp:featuredmedia":[{"embeddable":true,"href":"https:\/\/www.radiomarket.fi\/en\/wp-json\/wp\/v2\/media\/49990"}],"wp:attachment":[{"href":"https:\/\/www.radiomarket.fi\/en\/wp-json\/wp\/v2\/media?parent=49989"}],"curies":[{"name":"wp","href":"https:\/\/api.w.org\/{rel}","templated":true}]}}