{"id":49998,"date":"2024-10-09T20:56:17","date_gmt":"2024-10-09T17:56:17","guid":{"rendered":"https:\/\/www.radiomarket.fi\/?post_type=product&#038;p=49998"},"modified":"2025-07-03T16:32:22","modified_gmt":"2025-07-03T13:32:22","slug":"ekum0748-philips-vastusvalikoima-100ohm-22-megaohmia-vajaa","status":"publish","type":"product","link":"https:\/\/www.radiomarket.fi\/en\/kohde\/ekum0748-philips-vastusvalikoima-100ohm-22-megaohmia-vajaa\/","title":{"rendered":"EKUM0748 Philips vastusvalikoima 100ohm-2,2 megaohmia vajaa"},"content":{"rendered":"<p>Huoltok\u00e4ytt\u00f6\u00f6n valmistettu varaosavastuslajitelma. Useita vastuksia puuttuu.<\/p>","protected":false},"excerpt":{"rendered":"<p>Kirjetoimitustuotteita kannattaa tilata samalla useampikin, yksi lis\u00e4tuote korottaa rahtimaksua vain kymmenell\u00e4 sentill\u00e4 (10\/24)<\/p>","protected":false},"featured_media":49984,"template":"","meta":[],"_links":{"self":[{"href":"https:\/\/www.radiomarket.fi\/en\/wp-json\/wp\/v2\/product\/49998"}],"collection":[{"href":"https:\/\/www.radiomarket.fi\/en\/wp-json\/wp\/v2\/product"}],"about":[{"href":"https:\/\/www.radiomarket.fi\/en\/wp-json\/wp\/v2\/types\/product"}],"wp:featuredmedia":[{"embeddable":true,"href":"https:\/\/www.radiomarket.fi\/en\/wp-json\/wp\/v2\/media\/49984"}],"wp:attachment":[{"href":"https:\/\/www.radiomarket.fi\/en\/wp-json\/wp\/v2\/media?parent=49998"}],"curies":[{"name":"wp","href":"https:\/\/api.w.org\/{rel}","templated":true}]}}