{"id":50001,"date":"2024-10-10T04:50:50","date_gmt":"2024-10-10T01:50:50","guid":{"rendered":"https:\/\/www.radiomarket.fi\/?post_type=product&#038;p=50001"},"modified":"2024-10-12T13:19:25","modified_gmt":"2024-10-12T10:19:25","slug":"ekum3286-telefunken-d860wk","status":"publish","type":"product","link":"https:\/\/www.radiomarket.fi\/en\/kohde\/ekum3286-telefunken-d860wk\/","title":{"rendered":"EKUM3286 Telefunken D860WK"},"content":{"rendered":"<p>Kotelo p\u00e4\u00e4lt\u00e4 k\u00e4rsinyt ja lakkaus hilseillyt.\u00a0<br \/><strong><br \/>Seuraavat osat puuttuvat tai viallisia:<\/strong><\/p><p>Asteikon lasisista listoista yksi katkennut. Osat mukana. Osaa on yritetty liimata, mutta liimaus ei ole pit\u00e4nyt.<br \/>Etupaneelin painonapeista kaksi puuttuu.<br \/>Takalevyn ruuveista puuttuu ainakin yksi.<br \/>Verkkojohto vaihdettu s\u00e4\u00e4d\u00f6sten vastaiseen.<br \/><br \/><\/p><p>Tutkittu hyvin pintapuolisesti laitteen saapumisvaiheessa. Tuotteesta voi olla purettu muitakin osia tai siin\u00e4 voi olla muita puutteita. Varmista tietojen oikeellisuus myyj\u00e4lt\u00e4. Ei tutkittu tarkemmin. Kokonsa puolesta vain noutotuote.<\/p>","protected":false},"excerpt":{"rendered":"<p>Kotelo p\u00e4\u00e4lt\u00e4 k\u00e4rsinyt ja lakkaus hilseillyt.\u00a0Seuraavat osat puuttuvat tai viallisia:Asteikon lasisista listoista yksi katkennut. Osat mukana. Osaa on yritetty liimata, mutta liimaus ei ole pit\u00e4nyt.Etupaneelin painonapeista kaksi puuttuu.Takalevyn ruuveista puuttuu ainakin yksi.Verkkojohto vaihdettu s\u00e4\u00e4d\u00f6sten vastaiseen.Tutkittu hyvin pintapuolisesti laitteen saapumisvaiheessa. Tuotteesta voi olla purettu muitakin osia tai siin\u00e4 voi olla muita puutteita. Varmista tietojen oikeellisuus myyj\u00e4lt\u00e4. &hellip;<\/p>\n<p class=\"read-more\"> <a class=\"thunk-readmore button\" href=\"https:\/\/www.radiomarket.fi\/en\/kohde\/ekum3286-telefunken-d860wk\/\"> <span class=\"screen-reader-text\">EKUM3286 Telefunken D860WK<\/span>Read More<\/a><\/p>","protected":false},"featured_media":50004,"template":"","meta":[],"_links":{"self":[{"href":"https:\/\/www.radiomarket.fi\/en\/wp-json\/wp\/v2\/product\/50001"}],"collection":[{"href":"https:\/\/www.radiomarket.fi\/en\/wp-json\/wp\/v2\/product"}],"about":[{"href":"https:\/\/www.radiomarket.fi\/en\/wp-json\/wp\/v2\/types\/product"}],"wp:featuredmedia":[{"embeddable":true,"href":"https:\/\/www.radiomarket.fi\/en\/wp-json\/wp\/v2\/media\/50004"}],"wp:attachment":[{"href":"https:\/\/www.radiomarket.fi\/en\/wp-json\/wp\/v2\/media?parent=50001"}],"curies":[{"name":"wp","href":"https:\/\/api.w.org\/{rel}","templated":true}]}}