{"id":50017,"date":"2024-10-12T12:16:02","date_gmt":"2024-10-12T09:16:02","guid":{"rendered":"https:\/\/www.radiomarket.fi\/?post_type=product&#038;p=50017"},"modified":"2024-10-12T12:25:02","modified_gmt":"2024-10-12T09:25:02","slug":"ekum2505-into-valvontaradio","status":"publish","type":"product","link":"https:\/\/www.radiomarket.fi\/en\/kohde\/ekum2505-into-valvontaradio\/","title":{"rendered":"EKUM2505 Storno VR2-1 Into ilmavalvontaradio"},"content":{"rendered":"<p>Kuvassa p\u00f6lyinen.<br \/><strong><br \/>Seuraavat osat puuttuvat tai viallisia:<\/strong><\/p><p>&#8211;<\/p><p>Luetteloitu kuvan perusteella. Tuotteesta voi olla purettu muitakin osia tai siin\u00e4 voi olla muita puutteita. Varmista tietojen oikeellisuus myyj\u00e4lt\u00e4. Ei tutkittu tarkemmin.\u00a0<br \/><br \/>Hakusanat: Into ilmavalvontaradio valvontaradio<\/p>","protected":false},"excerpt":{"rendered":"<p>Kuvassa p\u00f6lyinen.Seuraavat osat puuttuvat tai viallisia:&#8211;Luetteloitu kuvan perusteella. Tuotteesta voi olla purettu muitakin osia tai siin\u00e4 voi olla muita puutteita. Varmista tietojen oikeellisuus myyj\u00e4lt\u00e4. Ei tutkittu tarkemmin.\u00a0Hakusanat: Into ilmavalvontaradio valvontaradio<\/p>","protected":false},"featured_media":50019,"template":"","meta":[],"_links":{"self":[{"href":"https:\/\/www.radiomarket.fi\/en\/wp-json\/wp\/v2\/product\/50017"}],"collection":[{"href":"https:\/\/www.radiomarket.fi\/en\/wp-json\/wp\/v2\/product"}],"about":[{"href":"https:\/\/www.radiomarket.fi\/en\/wp-json\/wp\/v2\/types\/product"}],"wp:featuredmedia":[{"embeddable":true,"href":"https:\/\/www.radiomarket.fi\/en\/wp-json\/wp\/v2\/media\/50019"}],"wp:attachment":[{"href":"https:\/\/www.radiomarket.fi\/en\/wp-json\/wp\/v2\/media?parent=50017"}],"curies":[{"name":"wp","href":"https:\/\/api.w.org\/{rel}","templated":true}]}}