{"id":50085,"date":"2024-10-22T15:12:33","date_gmt":"2024-10-22T12:12:33","guid":{"rendered":"https:\/\/www.radiomarket.fi\/?post_type=product&#038;p=50085"},"modified":"2025-07-23T15:59:11","modified_gmt":"2025-07-23T12:59:11","slug":"ekum2507-kuulokejohto-nos","status":"publish","type":"product","link":"https:\/\/www.radiomarket.fi\/en\/kohde\/ekum2507-kuulokejohto-nos\/","title":{"rendered":"EKUM2507 musta kankainen kuulokejohto NOS"},"content":{"rendered":"<p>Uutta varastoa, vastaa pitk\u00e4lti 1920-luvun ja nuorempia kuulokejohtoja. Haarautuvan osan mitta n. 30cm. Yhten\u00e4isen johtimen pituus n. 120cm. Kokonaismitta 150cm.<\/p><p>Kangasjohto, yhten\u00e4isen osan vaipan pituus reilu metri, kuulokekapselihaarojen vaipan pituus noin 30 cm. Johtojen p\u00e4\u00e4t tinattu, kangasvaippa p\u00e4\u00e4tetty kierretyll\u00e4 langalla vanhaan tapaan. Johtojen liitospiste suojattu kumieristeell\u00e4. Valmistettu kauan ennen kutistemuovien aikaa. Monokytkent\u00e4.<\/p><p>Myyd\u00e4\u00e4n yksitt\u00e4in. Kirjetoimitus.<\/p>","protected":false},"excerpt":{"rendered":"<p>Kirjetoimitustuotteita kannattaa tilata kerralla useampiakin, lis\u00e4tuote nostaa postikuluja vain noin 10 snt\/tuote 10\/2024 tilanteen mukaan.<\/p>","protected":false},"featured_media":50086,"template":"","meta":[],"_links":{"self":[{"href":"https:\/\/www.radiomarket.fi\/en\/wp-json\/wp\/v2\/product\/50085"}],"collection":[{"href":"https:\/\/www.radiomarket.fi\/en\/wp-json\/wp\/v2\/product"}],"about":[{"href":"https:\/\/www.radiomarket.fi\/en\/wp-json\/wp\/v2\/types\/product"}],"wp:featuredmedia":[{"embeddable":true,"href":"https:\/\/www.radiomarket.fi\/en\/wp-json\/wp\/v2\/media\/50086"}],"wp:attachment":[{"href":"https:\/\/www.radiomarket.fi\/en\/wp-json\/wp\/v2\/media?parent=50085"}],"curies":[{"name":"wp","href":"https:\/\/api.w.org\/{rel}","templated":true}]}}