{"id":50092,"date":"2024-10-22T20:42:40","date_gmt":"2024-10-22T17:42:40","guid":{"rendered":"https:\/\/www.radiomarket.fi\/?post_type=product&#038;p=50092"},"modified":"2024-11-01T11:43:49","modified_gmt":"2024-11-01T09:43:49","slug":"ekub0743-ulm-am-fm-autoradio-l-m-u-tulossa","status":"publish","type":"product","link":"https:\/\/www.radiomarket.fi\/en\/kohde\/ekub0743-ulm-am-fm-autoradio-l-m-u-tulossa\/","title":{"rendered":"EKUB0743 ULM AM-FM autoradio L\/M\/U"},"content":{"rendered":"<p>K\u00e4ytetty, autosta purettu autoradio. Toinen nuppi vaihtunut. Helppo kytke\u00e4, vain virtajohto + ja kaiutinjohdot. nuppiv\u00e4li keskelt\u00e4 keskelle 13,5 cm, asteikkoaukon koko 9 x 4 cm. Peltikotelon leveys 16,5, syvyys 8 ja korkeus 4,7 cm.<\/p>","protected":false},"excerpt":{"rendered":"<p>K\u00e4ytetty, autosta purettu autoradio. Toinen nuppi vaihtunut. Helppo kytke\u00e4, vain virtajohto + ja kaiutinjohdot. nuppiv\u00e4li keskelt\u00e4 keskelle 13,5 cm, asteikkoaukon koko 9 x 4 cm. Peltikotelon leveys 16,5, syvyys 8 ja korkeus 4,7 cm.<\/p>","protected":false},"featured_media":50094,"template":"","meta":[],"_links":{"self":[{"href":"https:\/\/www.radiomarket.fi\/en\/wp-json\/wp\/v2\/product\/50092"}],"collection":[{"href":"https:\/\/www.radiomarket.fi\/en\/wp-json\/wp\/v2\/product"}],"about":[{"href":"https:\/\/www.radiomarket.fi\/en\/wp-json\/wp\/v2\/types\/product"}],"wp:featuredmedia":[{"embeddable":true,"href":"https:\/\/www.radiomarket.fi\/en\/wp-json\/wp\/v2\/media\/50094"}],"wp:attachment":[{"href":"https:\/\/www.radiomarket.fi\/en\/wp-json\/wp\/v2\/media?parent=50092"}],"curies":[{"name":"wp","href":"https:\/\/api.w.org\/{rel}","templated":true}]}}