{"id":50134,"date":"2024-10-26T11:37:17","date_gmt":"2024-10-26T08:37:17","guid":{"rendered":"https:\/\/www.radiomarket.fi\/?post_type=product&#038;p=50134"},"modified":"2025-01-03T21:35:56","modified_gmt":"2025-01-03T19:35:56","slug":"5670-rca-command-elektroniputki","status":"publish","type":"product","link":"https:\/\/www.radiomarket.fi\/en\/kohde\/5670-rca-command-elektroniputki\/","title":{"rendered":"5670 RCA Command elektroniputki (EKUS)"},"content":{"rendered":"<p>Alkuper\u00e4isess\u00e4 pakkauksessaan. SRHS:n j\u00e4senille saatavilla erisuuruisia alennuksia, ilmoita j\u00e4senyydest\u00e4si tilauksen yhteydess\u00e4.<\/p><p>Muiden valmistajien putkia tuotteessa &#8220;5670&#8221;.<br \/><br \/>Kirjetoimitus.<\/p>","protected":false},"excerpt":{"rendered":"<p>Kirjetoimitustuotteita kannattaa tilata kerralla useampiakin, lis\u00e4tuote nostaa postikuluja vain noin 10 snt\/tuote 10\/2024 tilanteen mukaan.<\/p>","protected":false},"featured_media":17169,"template":"","meta":[],"_links":{"self":[{"href":"https:\/\/www.radiomarket.fi\/en\/wp-json\/wp\/v2\/product\/50134"}],"collection":[{"href":"https:\/\/www.radiomarket.fi\/en\/wp-json\/wp\/v2\/product"}],"about":[{"href":"https:\/\/www.radiomarket.fi\/en\/wp-json\/wp\/v2\/types\/product"}],"wp:featuredmedia":[{"embeddable":true,"href":"https:\/\/www.radiomarket.fi\/en\/wp-json\/wp\/v2\/media\/17169"}],"wp:attachment":[{"href":"https:\/\/www.radiomarket.fi\/en\/wp-json\/wp\/v2\/media?parent=50134"}],"curies":[{"name":"wp","href":"https:\/\/api.w.org\/{rel}","templated":true}]}}