{"id":50190,"date":"2024-10-31T21:01:13","date_gmt":"2024-10-31T19:01:13","guid":{"rendered":"https:\/\/www.radiomarket.fi\/?post_type=product&#038;p=50190"},"modified":"2024-11-13T15:53:54","modified_gmt":"2024-11-13T13:53:54","slug":"ekus0278-jasenpaita-srhsn-logolla-koko-m","status":"publish","type":"product","link":"https:\/\/www.radiomarket.fi\/en\/kohde\/ekus0278-jasenpaita-srhsn-logolla-koko-m\/","title":{"rendered":"EKUS0278 J\u00e4senpaita SRHS:n logolla koko M"},"content":{"rendered":"<p>Myyd\u00e4\u00e4n vain Suomen Radiohistoriallisen Seuran j\u00e4senille.<br \/><br \/>Paitojen valmistaja: Fruit of the Loom.<\/p>","protected":false},"excerpt":{"rendered":"<p>Myyd\u00e4\u00e4n vain Suomen Radiohistoriallisen Seuran j\u00e4senille.Paitojen valmistaja: Fruit of the Loom.<\/p>","protected":false},"featured_media":50192,"template":"","meta":[],"_links":{"self":[{"href":"https:\/\/www.radiomarket.fi\/en\/wp-json\/wp\/v2\/product\/50190"}],"collection":[{"href":"https:\/\/www.radiomarket.fi\/en\/wp-json\/wp\/v2\/product"}],"about":[{"href":"https:\/\/www.radiomarket.fi\/en\/wp-json\/wp\/v2\/types\/product"}],"wp:featuredmedia":[{"embeddable":true,"href":"https:\/\/www.radiomarket.fi\/en\/wp-json\/wp\/v2\/media\/50192"}],"wp:attachment":[{"href":"https:\/\/www.radiomarket.fi\/en\/wp-json\/wp\/v2\/media?parent=50190"}],"curies":[{"name":"wp","href":"https:\/\/api.w.org\/{rel}","templated":true}]}}