{"id":50234,"date":"2024-11-09T18:02:19","date_gmt":"2024-11-09T16:02:19","guid":{"rendered":"https:\/\/www.radiomarket.fi\/?post_type=product&#038;p=50234"},"modified":"2024-11-09T18:12:01","modified_gmt":"2024-11-09T16:12:01","slug":"ekub0750-12v-ac-450ma-verkkolaite","status":"publish","type":"product","link":"https:\/\/www.radiomarket.fi\/en\/kohde\/ekub0750-12v-ac-450ma-verkkolaite\/","title":{"rendered":"EKUB0750 12V AC 450mA verkkolaite"},"content":{"rendered":"<p>12 voltin vaihtovirtaverkkolaite, lepoj\u00e4nnite 13,6 volttia AC. Toimii,\u00a0 ruuvit puuttuu. Ilman ruuveja t\u00e4t\u00e4 ei saa liitt\u00e4\u00e4 s\u00e4hk\u00f6verkkoon. Nuhjuinen mutta toimiva.<\/p>","protected":false},"excerpt":{"rendered":"<p>12 voltin vaihtovirtaverkkolaite, lepoj\u00e4nnite 13,6 volttia AC. Toimii,\u00a0 ruuvit puuttuu. Ilman ruuveja t\u00e4t\u00e4 ei saa liitt\u00e4\u00e4 s\u00e4hk\u00f6verkkoon. Nuhjuinen mutta toimiva.<\/p>","protected":false},"featured_media":50235,"template":"","meta":[],"_links":{"self":[{"href":"https:\/\/www.radiomarket.fi\/en\/wp-json\/wp\/v2\/product\/50234"}],"collection":[{"href":"https:\/\/www.radiomarket.fi\/en\/wp-json\/wp\/v2\/product"}],"about":[{"href":"https:\/\/www.radiomarket.fi\/en\/wp-json\/wp\/v2\/types\/product"}],"wp:featuredmedia":[{"embeddable":true,"href":"https:\/\/www.radiomarket.fi\/en\/wp-json\/wp\/v2\/media\/50235"}],"wp:attachment":[{"href":"https:\/\/www.radiomarket.fi\/en\/wp-json\/wp\/v2\/media?parent=50234"}],"curies":[{"name":"wp","href":"https:\/\/api.w.org\/{rel}","templated":true}]}}