{"id":50252,"date":"2024-11-09T18:28:55","date_gmt":"2024-11-09T16:28:55","guid":{"rendered":"https:\/\/www.radiomarket.fi\/?post_type=product&#038;p=50252"},"modified":"2025-01-06T10:39:59","modified_gmt":"2025-01-06T08:39:59","slug":"ekub0754-pyoranventtiiliadapteri","status":"publish","type":"product","link":"https:\/\/www.radiomarket.fi\/en\/kohde\/ekub0754-pyoranventtiiliadapteri\/","title":{"rendered":"EKUB0754 Py\u00f6r\u00e4nventtiiliadapteri"},"content":{"rendered":"<p>Messinkinen &#8220;hikiventtiili&#8221; ilmapumppuadapteri pallon t\u00e4ytt\u00f6\u00f6n. Muokattavissa eri tarkoituksiin.<\/p>","protected":false},"excerpt":{"rendered":"<p>Messinkinen &#8220;hikiventtiili&#8221; ilmapumppuadapteri pallon t\u00e4ytt\u00f6\u00f6n. Muokattavissa eri tarkoituksiin.<\/p>","protected":false},"featured_media":50255,"template":"","meta":[],"_links":{"self":[{"href":"https:\/\/www.radiomarket.fi\/en\/wp-json\/wp\/v2\/product\/50252"}],"collection":[{"href":"https:\/\/www.radiomarket.fi\/en\/wp-json\/wp\/v2\/product"}],"about":[{"href":"https:\/\/www.radiomarket.fi\/en\/wp-json\/wp\/v2\/types\/product"}],"wp:featuredmedia":[{"embeddable":true,"href":"https:\/\/www.radiomarket.fi\/en\/wp-json\/wp\/v2\/media\/50255"}],"wp:attachment":[{"href":"https:\/\/www.radiomarket.fi\/en\/wp-json\/wp\/v2\/media?parent=50252"}],"curies":[{"name":"wp","href":"https:\/\/api.w.org\/{rel}","templated":true}]}}