{"id":50256,"date":"2024-11-09T18:34:26","date_gmt":"2024-11-09T16:34:26","guid":{"rendered":"https:\/\/www.radiomarket.fi\/?post_type=product&#038;p=50256"},"modified":"2026-03-24T15:10:46","modified_gmt":"2026-03-24T13:10:46","slug":"ekub0755-rannekelloja-ja-osia-era","status":"publish","type":"product","link":"https:\/\/www.radiomarket.fi\/en\/kohde\/ekub0755-rannekelloja-ja-osia-era\/","title":{"rendered":"EKUB0755 Rannekelloja ja osia er\u00e4"},"content":{"rendered":"<p>1950- ja 1960-luvun Leijona miesten kellot, testaamaton LCD-kello 70-80-luvun taitteesta sek\u00e4 osia.<\/p>","protected":false},"excerpt":{"rendered":"<p>Kirjetoimitusluokan tuotteita samaan tilaukseen yhdistett\u00e4ess\u00e4 lis\u00e4tuotteet nostavat perustoimituskulua vain joitakin kymmeni\u00e4 senttej\u00e4 (vuoden 2024 postin hinnoittelun mukaan).<\/p>","protected":false},"featured_media":50257,"template":"","meta":[],"_links":{"self":[{"href":"https:\/\/www.radiomarket.fi\/en\/wp-json\/wp\/v2\/product\/50256"}],"collection":[{"href":"https:\/\/www.radiomarket.fi\/en\/wp-json\/wp\/v2\/product"}],"about":[{"href":"https:\/\/www.radiomarket.fi\/en\/wp-json\/wp\/v2\/types\/product"}],"wp:featuredmedia":[{"embeddable":true,"href":"https:\/\/www.radiomarket.fi\/en\/wp-json\/wp\/v2\/media\/50257"}],"wp:attachment":[{"href":"https:\/\/www.radiomarket.fi\/en\/wp-json\/wp\/v2\/media?parent=50256"}],"curies":[{"name":"wp","href":"https:\/\/api.w.org\/{rel}","templated":true}]}}