{"id":50304,"date":"2024-11-13T20:59:53","date_gmt":"2024-11-13T18:59:53","guid":{"rendered":"https:\/\/www.radiomarket.fi\/?post_type=product&#038;p=50304"},"modified":"2024-11-22T14:46:04","modified_gmt":"2024-11-22T12:46:04","slug":"ekum0756-cannon-runkoliitin-tulossa","status":"publish","type":"product","link":"https:\/\/www.radiomarket.fi\/en\/kohde\/ekum0756-cannon-runkoliitin-tulossa\/","title":{"rendered":"EKUM0756 Cannon 24-25 runkoliitin"},"content":{"rendered":"<p>K\u00e4ytettyj\u00e4 naarasliittimi\u00e4 bajonettilukituksella. Ensiasennus tehty 1980-luvulla kiinte\u00e4\u00e4n Kajaani \u00e4\u00e4nip\u00f6yt\u00e4\u00e4n.<\/p>","protected":false},"excerpt":{"rendered":"<p>K\u00e4ytettyj\u00e4 naarasliittimi\u00e4 bajonettilukituksella. Ensiasennus tehty 1980-luvulla kiinte\u00e4\u00e4n Kajaani \u00e4\u00e4nip\u00f6yt\u00e4\u00e4n.<\/p>","protected":false},"featured_media":50305,"template":"","meta":[],"_links":{"self":[{"href":"https:\/\/www.radiomarket.fi\/en\/wp-json\/wp\/v2\/product\/50304"}],"collection":[{"href":"https:\/\/www.radiomarket.fi\/en\/wp-json\/wp\/v2\/product"}],"about":[{"href":"https:\/\/www.radiomarket.fi\/en\/wp-json\/wp\/v2\/types\/product"}],"wp:featuredmedia":[{"embeddable":true,"href":"https:\/\/www.radiomarket.fi\/en\/wp-json\/wp\/v2\/media\/50305"}],"wp:attachment":[{"href":"https:\/\/www.radiomarket.fi\/en\/wp-json\/wp\/v2\/media?parent=50304"}],"curies":[{"name":"wp","href":"https:\/\/api.w.org\/{rel}","templated":true}]}}