{"id":50346,"date":"2024-11-19T14:34:44","date_gmt":"2024-11-19T12:34:44","guid":{"rendered":"https:\/\/www.radiomarket.fi\/?post_type=product&#038;p=50346"},"modified":"2025-12-16T13:10:42","modified_gmt":"2025-12-16T11:10:42","slug":"ekum0757-kaukosaadin-rcx-300-nos","status":"publish","type":"product","link":"https:\/\/www.radiomarket.fi\/en\/kohde\/ekum0757-kaukosaadin-rcx-300-nos\/","title":{"rendered":"EKUM0757 kaukos\u00e4\u00e4din RCX-300 NOS"},"content":{"rendered":"<p>Televisiokaukos\u00e4\u00e4din, ohjaa mahdollisesti muutakin.<\/p>","protected":false},"excerpt":{"rendered":"<p>Televisiokaukos\u00e4\u00e4din, ohjaa mahdollisesti muutakin.<\/p>","protected":false},"featured_media":50361,"template":"","meta":[],"_links":{"self":[{"href":"https:\/\/www.radiomarket.fi\/en\/wp-json\/wp\/v2\/product\/50346"}],"collection":[{"href":"https:\/\/www.radiomarket.fi\/en\/wp-json\/wp\/v2\/product"}],"about":[{"href":"https:\/\/www.radiomarket.fi\/en\/wp-json\/wp\/v2\/types\/product"}],"wp:featuredmedia":[{"embeddable":true,"href":"https:\/\/www.radiomarket.fi\/en\/wp-json\/wp\/v2\/media\/50361"}],"wp:attachment":[{"href":"https:\/\/www.radiomarket.fi\/en\/wp-json\/wp\/v2\/media?parent=50346"}],"curies":[{"name":"wp","href":"https:\/\/api.w.org\/{rel}","templated":true}]}}