{"id":50367,"date":"2024-11-20T13:10:11","date_gmt":"2024-11-20T11:10:11","guid":{"rendered":"https:\/\/www.radiomarket.fi\/?post_type=product&#038;p=50367"},"modified":"2025-01-07T16:20:29","modified_gmt":"2025-01-07T14:20:29","slug":"lars0166-asa-paristoputkiradio","status":"publish","type":"product","link":"https:\/\/www.radiomarket.fi\/en\/kohde\/lars0166-asa-paristoputkiradio\/","title":{"rendered":"LARS0166 ASA paristoputkiradio"},"content":{"rendered":"<p>Kotelon yl\u00e4pinta hiottu (lakkaus poistettu). Viilussa jonkin verran vikoja. Putkissa esim. KF3.\u00a0<br \/><strong><br \/>Seuraavat osat puuttuvat tai viallisia:<\/strong><\/p><p>Ei takalevy\u00e4.<\/p><p>Tutkittu hyvin pintapuolisesti varastointivaiheessa. Tuotteesta voi olla purettu muitakin osia tai siin\u00e4 voi olla muita puutteita. Varmista tietojen oikeellisuus myyj\u00e4lt\u00e4. Ei tutkittu tarkemmin.\u00a0<\/p>","protected":false},"excerpt":{"rendered":"<p>Suosittelemme putkiradioille s\u00e4rkyv\u00e4-lis\u00e4palvelua (ostettavissa erillisen\u00e4 tuotteena).<\/p>","protected":false},"featured_media":50375,"template":"","meta":[],"_links":{"self":[{"href":"https:\/\/www.radiomarket.fi\/en\/wp-json\/wp\/v2\/product\/50367"}],"collection":[{"href":"https:\/\/www.radiomarket.fi\/en\/wp-json\/wp\/v2\/product"}],"about":[{"href":"https:\/\/www.radiomarket.fi\/en\/wp-json\/wp\/v2\/types\/product"}],"wp:featuredmedia":[{"embeddable":true,"href":"https:\/\/www.radiomarket.fi\/en\/wp-json\/wp\/v2\/media\/50375"}],"wp:attachment":[{"href":"https:\/\/www.radiomarket.fi\/en\/wp-json\/wp\/v2\/media?parent=50367"}],"curies":[{"name":"wp","href":"https:\/\/api.w.org\/{rel}","templated":true}]}}