{"id":50377,"date":"2024-11-20T13:17:04","date_gmt":"2024-11-20T11:17:04","guid":{"rendered":"https:\/\/www.radiomarket.fi\/?post_type=product&#038;p=50377"},"modified":"2024-11-20T13:22:47","modified_gmt":"2024-11-20T11:22:47","slug":"lars0167-technics-cd-soitin","status":"publish","type":"product","link":"https:\/\/www.radiomarket.fi\/en\/kohde\/lars0167-technics-cd-soitin\/","title":{"rendered":"LARS0167 Technics SL-PJ26 CD-soitin"},"content":{"rendered":"<p>Virta tulee, kuvissa jonkin verran p\u00f6ly\u00e4. Mallia valmistettu vuosina 1989-1990.<br \/><strong><br \/>Seuraavat osat puuttuvat tai viallisia:<\/strong><\/p><p>Kelkka avautuu hyvin, menee kiinni avustamalla, muuten takeltelee. Mahdollisesti kelkan vetohihna l\u00f6ystynyt.\u00a0<\/p><p>Tutkittu hyvin pintapuolisesti varastointivaiheessa. Tuotteesta voi olla purettu muitakin osia tai siin\u00e4 voi olla muita puutteita. Varmista tietojen oikeellisuus myyj\u00e4lt\u00e4. Ei tutkittu tarkemmin.\u00a0<\/p>","protected":false},"excerpt":{"rendered":"<p>Virta tulee, kuvissa jonkin verran p\u00f6ly\u00e4. Mallia valmistettu vuosina 1989-1990.Seuraavat osat puuttuvat tai viallisia:Kelkka avautuu hyvin, menee kiinni avustamalla, muuten takeltelee. Mahdollisesti kelkan vetohihna l\u00f6ystynyt.\u00a0Tutkittu hyvin pintapuolisesti varastointivaiheessa. Tuotteesta voi olla purettu muitakin osia tai siin\u00e4 voi olla muita puutteita. Varmista tietojen oikeellisuus myyj\u00e4lt\u00e4. Ei tutkittu tarkemmin.\u00a0<\/p>","protected":false},"featured_media":50379,"template":"","meta":[],"_links":{"self":[{"href":"https:\/\/www.radiomarket.fi\/en\/wp-json\/wp\/v2\/product\/50377"}],"collection":[{"href":"https:\/\/www.radiomarket.fi\/en\/wp-json\/wp\/v2\/product"}],"about":[{"href":"https:\/\/www.radiomarket.fi\/en\/wp-json\/wp\/v2\/types\/product"}],"wp:featuredmedia":[{"embeddable":true,"href":"https:\/\/www.radiomarket.fi\/en\/wp-json\/wp\/v2\/media\/50379"}],"wp:attachment":[{"href":"https:\/\/www.radiomarket.fi\/en\/wp-json\/wp\/v2\/media?parent=50377"}],"curies":[{"name":"wp","href":"https:\/\/api.w.org\/{rel}","templated":true}]}}