{"id":50414,"date":"2024-11-24T12:27:36","date_gmt":"2024-11-24T10:27:36","guid":{"rendered":"https:\/\/www.radiomarket.fi\/?post_type=product&#038;p=50414"},"modified":"2024-11-26T19:57:05","modified_gmt":"2024-11-26T17:57:05","slug":"ekub0763-ajoneuvovideotallennin-ei-testattu-kaytosta-purettu","status":"publish","type":"product","link":"https:\/\/www.radiomarket.fi\/en\/kohde\/ekub0763-ajoneuvovideotallennin-ei-testattu-kaytosta-purettu\/","title":{"rendered":"EKUB0763 ajoneuvovideotallennin, toimivana k\u00e4yt\u00f6st\u00e4 purettu"},"content":{"rendered":"<p>Pelkk\u00e4 tallennin ilman kauko-ohjainta tai muita varusteita. Nelj\u00e4n kameran autovideotallennin. GPS, wifi ym. ominaisuuksia. Tutkimme laite-er\u00e4\u00e4 ja p\u00e4ivit\u00e4mme tietoja k\u00e4ytt\u00f6kokeiden edetess\u00e4. Tallennus kovalevylle tai SD-muistikorteille, n\u00e4it\u00e4 medioita ei mukana. Samaa laitetta myyd\u00e4\u00e4n netiss\u00e4 useilla eri nimill\u00e4, kuten: ATE-D0401EF-T2, KTS1000VR,<\/p>","protected":false},"excerpt":{"rendered":"<p>Pelkk\u00e4 tallennin ilman kauko-ohjainta tai muita varusteita. Nelj\u00e4n kameran autovideotallennin. GPS, wifi ym. ominaisuuksia. Tutkimme laite-er\u00e4\u00e4 ja p\u00e4ivit\u00e4mme tietoja k\u00e4ytt\u00f6kokeiden edetess\u00e4. Tallennus kovalevylle tai SD-muistikorteille, n\u00e4it\u00e4 medioita ei mukana. Samaa laitetta myyd\u00e4\u00e4n netiss\u00e4 useilla eri nimill\u00e4, kuten: ATE-D0401EF-T2, KTS1000VR,<\/p>","protected":false},"featured_media":50416,"template":"","meta":[],"_links":{"self":[{"href":"https:\/\/www.radiomarket.fi\/en\/wp-json\/wp\/v2\/product\/50414"}],"collection":[{"href":"https:\/\/www.radiomarket.fi\/en\/wp-json\/wp\/v2\/product"}],"about":[{"href":"https:\/\/www.radiomarket.fi\/en\/wp-json\/wp\/v2\/types\/product"}],"wp:featuredmedia":[{"embeddable":true,"href":"https:\/\/www.radiomarket.fi\/en\/wp-json\/wp\/v2\/media\/50416"}],"wp:attachment":[{"href":"https:\/\/www.radiomarket.fi\/en\/wp-json\/wp\/v2\/media?parent=50414"}],"curies":[{"name":"wp","href":"https:\/\/api.w.org\/{rel}","templated":true}]}}