{"id":50419,"date":"2024-11-24T19:36:21","date_gmt":"2024-11-24T17:36:21","guid":{"rendered":"https:\/\/www.radiomarket.fi\/?post_type=product&#038;p=50419"},"modified":"2026-02-26T08:11:01","modified_gmt":"2026-02-26T06:11:01","slug":"ekub0764-schneider-electric-lv-pb2-pienjannitepainike-2-osainen-kaytetty","status":"publish","type":"product","link":"https:\/\/www.radiomarket.fi\/en\/kohde\/ekub0764-schneider-electric-lv-pb2-pienjannitepainike-2-osainen-kaytetty\/","title":{"rendered":"EKUB0764 Schneider Electric LV-PB2 pienj\u00e4nnitepainike 2-osainen k\u00e4ytetty"},"content":{"rendered":"<p>Merkkivaloin varustettu ohjainkytkin 2000-luvun alusta. Kalustekytkin 12-30V. Jostain voi puuttua paperitekstin peitt\u00e4v\u00e4 suojalevy. T\u00e4ydellisimm\u00e4t myyd\u00e4\u00e4n ensin.<\/p>","protected":false},"excerpt":{"rendered":"<p>Merkkivaloin varustettu ohjainkytkin 2000-luvun alusta. Kalustekytkin 12-30V. Jostain voi puuttua paperitekstin peitt\u00e4v\u00e4 suojalevy. T\u00e4ydellisimm\u00e4t myyd\u00e4\u00e4n ensin.<\/p>","protected":false},"featured_media":50422,"template":"","meta":[],"_links":{"self":[{"href":"https:\/\/www.radiomarket.fi\/en\/wp-json\/wp\/v2\/product\/50419"}],"collection":[{"href":"https:\/\/www.radiomarket.fi\/en\/wp-json\/wp\/v2\/product"}],"about":[{"href":"https:\/\/www.radiomarket.fi\/en\/wp-json\/wp\/v2\/types\/product"}],"wp:featuredmedia":[{"embeddable":true,"href":"https:\/\/www.radiomarket.fi\/en\/wp-json\/wp\/v2\/media\/50422"}],"wp:attachment":[{"href":"https:\/\/www.radiomarket.fi\/en\/wp-json\/wp\/v2\/media?parent=50419"}],"curies":[{"name":"wp","href":"https:\/\/api.w.org\/{rel}","templated":true}]}}