{"id":50424,"date":"2025-07-08T19:51:09","date_gmt":"2025-07-08T16:51:09","guid":{"rendered":"https:\/\/www.radiomarket.fi\/?post_type=product&#038;p=50424"},"modified":"2025-07-14T14:15:52","modified_gmt":"2025-07-14T11:15:52","slug":"ekub0764-14-piikkinen-kalusteliitin-uros","status":"publish","type":"product","link":"https:\/\/www.radiomarket.fi\/en\/kohde\/ekub0764-14-piikkinen-kalusteliitin-uros\/","title":{"rendered":"EKUB0765 14-piikkinen kalusteliitin uros"},"content":{"rendered":"<p>Sairaalakalusteesta purettu liitin ja pari metri\u00e4 6-napaista johtoa. Parhaat myyd\u00e4\u00e4n ensin.<\/p>","protected":false},"excerpt":{"rendered":"<p>Sairaalakalusteesta purettu liitin ja pari metri\u00e4 6-napaista johtoa. Parhaat myyd\u00e4\u00e4n ensin.<\/p>","protected":false},"featured_media":50426,"template":"","meta":[],"_links":{"self":[{"href":"https:\/\/www.radiomarket.fi\/en\/wp-json\/wp\/v2\/product\/50424"}],"collection":[{"href":"https:\/\/www.radiomarket.fi\/en\/wp-json\/wp\/v2\/product"}],"about":[{"href":"https:\/\/www.radiomarket.fi\/en\/wp-json\/wp\/v2\/types\/product"}],"wp:featuredmedia":[{"embeddable":true,"href":"https:\/\/www.radiomarket.fi\/en\/wp-json\/wp\/v2\/media\/50426"}],"wp:attachment":[{"href":"https:\/\/www.radiomarket.fi\/en\/wp-json\/wp\/v2\/media?parent=50424"}],"curies":[{"name":"wp","href":"https:\/\/api.w.org\/{rel}","templated":true}]}}