{"id":50428,"date":"2024-11-24T20:04:55","date_gmt":"2024-11-24T18:04:55","guid":{"rendered":"https:\/\/www.radiomarket.fi\/?post_type=product&#038;p=50428"},"modified":"2024-11-24T20:42:00","modified_gmt":"2024-11-24T18:42:00","slug":"ekub0767-standard-telefunken-dke38-pikku-hitler","status":"publish","type":"product","link":"https:\/\/www.radiomarket.fi\/en\/kohde\/ekub0767-standard-telefunken-dke38-pikku-hitler\/","title":{"rendered":"EKUB0767 Standard Lilleputt &#8211; Lorenz DKE38"},"content":{"rendered":"<p>Deutsche Klein Empf\u00e4nger, ensimm\u00e4inen valmistusvuosi 1938. Pikku-Hitlerin\u00e4 Suomessa tunnettu radio.<\/p><p>Saksalainen paikallisvastaanotin. Ruotsalaiset eiv\u00e4t juurikaan ole pit\u00e4neet meteli\u00e4 Natsi-Saksan yhteisyrityksist\u00e4\u00e4n. Siksikin t\u00e4m\u00e4 radio on jo aikoinaan myyty rinnakkaisella Standard-tuotemerkill\u00e4. Tarroitus takakannessa on siis alkuper\u00e4inen.<\/p><p>Virallisesti Suomessa ja Ruotsissa myydyiss\u00e4 radioissa ei ollut hakaristikotkaa vaan tyhj\u00e4 &#8220;kuoppa&#8221; itikan paikalla. Lis\u00e4ksi s\u00e4hk\u00f6tarkastuslaitokset vaativat oikean verkkokytkimen lis\u00e4\u00e4mist\u00e4 radioon. T\u00e4m\u00e4 n\u00e4kyy virallisesti maahantuoduissa radioissa vipukytkimen\u00e4 takana tai sivulla.<\/p><p>T\u00e4m\u00e4 radio on poikkeuksellisen hyv\u00e4kuntoinen ja testattu joku vuosi sitten toimivaksi.<\/p><p>Tilatessasi muista valita toimitus s\u00e4rkyv\u00e4n\u00e4 tai nouda radiosi!<\/p><p>Lis\u00e4\u00e4mme kuvia radiosta l\u00e4hip\u00e4ivin\u00e4.<\/p>","protected":false},"excerpt":{"rendered":"<p>Deutsche Klein Empf\u00e4nger, ensimm\u00e4inen valmistusvuosi 1938. Pikku-Hitlerin\u00e4 Suomessa tunnettu radio.Saksalainen paikallisvastaanotin. Ruotsalaiset eiv\u00e4t juurikaan ole pit\u00e4neet meteli\u00e4 Natsi-Saksan yhteisyrityksist\u00e4\u00e4n. Siksikin t\u00e4m\u00e4 radio on jo aikoinaan myyty rinnakkaisella Standard-tuotemerkill\u00e4. Tarroitus takakannessa on siis alkuper\u00e4inen.Virallisesti Suomessa ja Ruotsissa myydyiss\u00e4 radioissa ei ollut hakaristikotkaa vaan tyhj\u00e4 &#8220;kuoppa&#8221; itikan paikalla. Lis\u00e4ksi s\u00e4hk\u00f6tarkastuslaitokset vaativat oikean verkkokytkimen lis\u00e4\u00e4mist\u00e4 radioon. T\u00e4m\u00e4 n\u00e4kyy &hellip;<\/p>\n<p class=\"read-more\"> <a class=\"thunk-readmore button\" href=\"https:\/\/www.radiomarket.fi\/en\/kohde\/ekub0767-standard-telefunken-dke38-pikku-hitler\/\"> <span class=\"screen-reader-text\">EKUB0767 Standard Lilleputt &#8211; Lorenz DKE38<\/span>Read More<\/a><\/p>","protected":false},"featured_media":50432,"template":"","meta":[],"_links":{"self":[{"href":"https:\/\/www.radiomarket.fi\/en\/wp-json\/wp\/v2\/product\/50428"}],"collection":[{"href":"https:\/\/www.radiomarket.fi\/en\/wp-json\/wp\/v2\/product"}],"about":[{"href":"https:\/\/www.radiomarket.fi\/en\/wp-json\/wp\/v2\/types\/product"}],"wp:featuredmedia":[{"embeddable":true,"href":"https:\/\/www.radiomarket.fi\/en\/wp-json\/wp\/v2\/media\/50432"}],"wp:attachment":[{"href":"https:\/\/www.radiomarket.fi\/en\/wp-json\/wp\/v2\/media?parent=50428"}],"curies":[{"name":"wp","href":"https:\/\/api.w.org\/{rel}","templated":true}]}}