{"id":50448,"date":"2024-11-26T15:21:13","date_gmt":"2024-11-26T13:21:13","guid":{"rendered":"https:\/\/www.radiomarket.fi\/?post_type=product&#038;p=50448"},"modified":"2025-11-24T14:14:53","modified_gmt":"2025-11-24T12:14:53","slug":"ekus0802-radiot-lehti-3-2024","status":"publish","type":"product","link":"https:\/\/www.radiomarket.fi\/en\/kohde\/ekus0802-radiot-lehti-3-2024\/","title":{"rendered":"EKUS0802 Radiot-lehti 3\/2024 TULOSSA"},"content":{"rendered":"<p>Suomen Radiohistoriallinen Seura ry:n julkaisema SRHS-j\u00e4senlehti 3\/2024 (30.9.2024). Seuran j\u00e4senille lehdist\u00e4 50% j\u00e4senalennus, jos haluat j\u00e4senalennuksen, tilaa haluamasi numerot s\u00e4hk\u00f6postitse.<br \/><br \/><strong>T\u00e4ss\u00e4 numerossa:<\/strong><br \/><br \/>Seuran kev\u00e4tkokous 2024 Tampereella (Jorma Raita)<br \/>Kokouskutsu<br \/>Mietteit\u00e4 harrastuksesta (Heikki Marttila)<br \/>Lahden LA-l\u00e4hetin (Heikki Marttila)<br \/>Putket talteen (Heikki Marttila)<br \/>Tasku-Matti ja nykyhinnat (Heikki Rinnemaa)<br \/>Juotoksista radiomiehen tuntee\u2026 (Timo Kiiski)<br \/>Suomalainen vastaan ulkomainen myyntikaudella<br \/>1936-1937. Osa 1 (Lasse Nirhamo ja Kauko Viitanen)<br \/>Radio kirkossa (Heikki Marttila)<br \/>Hellberg T2 radiopuhelimen\/l\u00e4hetinvastaanottimen<br \/>kunnostus (Valto Koskinen)<br \/>\u201dKamiinan n\u00e4k\u00f6inen radio\u201d (Kauko Viitanen)<br \/>Kirjat kertovat. Eric Tigerstedt \u2013 Suomen Tesla (Risto<br \/>V\u00e4h\u00e4kainu)<br \/>Suomen DX-Liitto<br \/>RTS<br \/>Pet\u00e4j\u00e4veden Radio- ja Puhelinmuseon syksyn uutisia<br \/>Pet\u00e4j\u00e4veden Rompep\u00e4iv\u00e4t (Heikki Marttila)<br \/><br \/>Varastosaldoon on laskettu uudet ja k\u00e4ytetyt lehdet. Uudet lehdet myyd\u00e4\u00e4n ensin.\u00a0<\/p>","protected":false},"excerpt":{"rendered":"<p>Loppuunmyydyksi merkittyjen lehtien yksitt\u00e4isist\u00e4 artikkeleista voi tiedustella kopioita tai skannauksia. Kirjetoimitusluokan tuotteita samaan tilaukseen yhdistett\u00e4ess\u00e4 lis\u00e4tuotteet nostavat perustoimituskulua vain joitakin kymmeni\u00e4 senttej\u00e4 (vuoden 2024 postin hinnoittelun mukaan).<\/p>","protected":false},"featured_media":50450,"template":"","meta":[],"_links":{"self":[{"href":"https:\/\/www.radiomarket.fi\/en\/wp-json\/wp\/v2\/product\/50448"}],"collection":[{"href":"https:\/\/www.radiomarket.fi\/en\/wp-json\/wp\/v2\/product"}],"about":[{"href":"https:\/\/www.radiomarket.fi\/en\/wp-json\/wp\/v2\/types\/product"}],"wp:featuredmedia":[{"embeddable":true,"href":"https:\/\/www.radiomarket.fi\/en\/wp-json\/wp\/v2\/media\/50450"}],"wp:attachment":[{"href":"https:\/\/www.radiomarket.fi\/en\/wp-json\/wp\/v2\/media?parent=50448"}],"curies":[{"name":"wp","href":"https:\/\/api.w.org\/{rel}","templated":true}]}}