{"id":50492,"date":"2024-12-06T13:55:12","date_gmt":"2024-12-06T11:55:12","guid":{"rendered":"https:\/\/www.radiomarket.fi\/?post_type=product&#038;p=50492"},"modified":"2025-01-06T10:34:13","modified_gmt":"2025-01-06T08:34:13","slug":"ekub0774-suomen-henkiloautot-2006-hinnat-kuvat-tekniikka","status":"publish","type":"product","link":"https:\/\/www.radiomarket.fi\/en\/kohde\/ekub0774-suomen-henkiloautot-2006-hinnat-kuvat-tekniikka\/","title":{"rendered":"EKUB0774 Suomen henkil\u00f6autot 2006 Hinnat, kuvat, tekniikka"},"content":{"rendered":"<p>Lukematon kirja. 488 sivua.<\/p>","protected":false},"excerpt":{"rendered":"<div class=\"summary entry-summary\">\n<div class=\"woocommerce-product-details__short-description\">\n<p>Kirjetoimitusluokan tuotteita samaan tilaukseen yhdistett\u00e4ess\u00e4 lis\u00e4tuotteet nostavat perustoimituskulua vain joitakin kymmeni\u00e4 senttej\u00e4 (vuoden 2024 postin hinnoittelun mukaan).<\/p>\n<\/div>\n<\/div>","protected":false},"featured_media":50506,"template":"","meta":[],"_links":{"self":[{"href":"https:\/\/www.radiomarket.fi\/en\/wp-json\/wp\/v2\/product\/50492"}],"collection":[{"href":"https:\/\/www.radiomarket.fi\/en\/wp-json\/wp\/v2\/product"}],"about":[{"href":"https:\/\/www.radiomarket.fi\/en\/wp-json\/wp\/v2\/types\/product"}],"wp:featuredmedia":[{"embeddable":true,"href":"https:\/\/www.radiomarket.fi\/en\/wp-json\/wp\/v2\/media\/50506"}],"wp:attachment":[{"href":"https:\/\/www.radiomarket.fi\/en\/wp-json\/wp\/v2\/media?parent=50492"}],"curies":[{"name":"wp","href":"https:\/\/api.w.org\/{rel}","templated":true}]}}