{"id":50523,"date":"2024-12-06T20:22:27","date_gmt":"2024-12-06T18:22:27","guid":{"rendered":"https:\/\/www.radiomarket.fi\/?post_type=product&#038;p=50523"},"modified":"2025-01-06T10:48:21","modified_gmt":"2025-01-06T08:48:21","slug":"ekub0769-samsung-puhelinlaturi-micro-usb","status":"publish","type":"product","link":"https:\/\/www.radiomarket.fi\/en\/kohde\/ekub0769-samsung-puhelinlaturi-micro-usb\/","title":{"rendered":"EKUB0769 Samsung puhelinlaturi micro-USB"},"content":{"rendered":"<p>K\u00e4ytetty laturi vuodelta 2013. Huomioi liittimen leveys, samaan aikaan myytiin my\u00f6s leve\u00e4mm\u00e4ll\u00e4 Samsungin omalla pistokkeella olevia puhelimia.<\/p>","protected":false},"excerpt":{"rendered":"<p>Kirjetoimitustuotteita kannattaa tilata kerralla useampiakin, lis\u00e4tuote nostaa postikuluja vain noin 10 snt\/tuote 2024 tilanteen mukaan.<\/p>","protected":false},"featured_media":50524,"template":"","meta":[],"_links":{"self":[{"href":"https:\/\/www.radiomarket.fi\/en\/wp-json\/wp\/v2\/product\/50523"}],"collection":[{"href":"https:\/\/www.radiomarket.fi\/en\/wp-json\/wp\/v2\/product"}],"about":[{"href":"https:\/\/www.radiomarket.fi\/en\/wp-json\/wp\/v2\/types\/product"}],"wp:featuredmedia":[{"embeddable":true,"href":"https:\/\/www.radiomarket.fi\/en\/wp-json\/wp\/v2\/media\/50524"}],"wp:attachment":[{"href":"https:\/\/www.radiomarket.fi\/en\/wp-json\/wp\/v2\/media?parent=50523"}],"curies":[{"name":"wp","href":"https:\/\/api.w.org\/{rel}","templated":true}]}}