{"id":50580,"date":"2024-12-20T12:09:16","date_gmt":"2024-12-20T10:09:16","guid":{"rendered":"https:\/\/www.radiomarket.fi\/?post_type=product&#038;p=50580"},"modified":"2024-12-21T19:49:47","modified_gmt":"2024-12-21T17:49:47","slug":"ekub0778-korkkipora-5-15-mm-9-eri-kokoa-tulossa","status":"publish","type":"product","link":"https:\/\/www.radiomarket.fi\/en\/kohde\/ekub0778-korkkipora-5-15-mm-9-eri-kokoa-tulossa\/","title":{"rendered":"EKUB0778 Korkkipora 5-15 mm 9 eri kokoa"},"content":{"rendered":"<p>K\u00e4ytetty, p\u00e4\u00e4llisin puolin hyv\u00e4kuntoinen sarja, ainakin suurin vaatii teroitusta. Korkkiporasarja on hankittu sairaalan huutokaupasta 1960-luvulla, eik\u00e4 tuolloinkaan aivan uusia tarvikkeita poistettu myyntiin.<\/p>","protected":false},"excerpt":{"rendered":"<p>Kirjetoimitustuotteita kannattaa tilata kerralla useampiakin, lis\u00e4tuote nostaa postikuluja vain noin 10 snt\/tuote 2024 tilanteen mukaan.<\/p>","protected":false},"featured_media":50601,"template":"","meta":[],"_links":{"self":[{"href":"https:\/\/www.radiomarket.fi\/en\/wp-json\/wp\/v2\/product\/50580"}],"collection":[{"href":"https:\/\/www.radiomarket.fi\/en\/wp-json\/wp\/v2\/product"}],"about":[{"href":"https:\/\/www.radiomarket.fi\/en\/wp-json\/wp\/v2\/types\/product"}],"wp:featuredmedia":[{"embeddable":true,"href":"https:\/\/www.radiomarket.fi\/en\/wp-json\/wp\/v2\/media\/50601"}],"wp:attachment":[{"href":"https:\/\/www.radiomarket.fi\/en\/wp-json\/wp\/v2\/media?parent=50580"}],"curies":[{"name":"wp","href":"https:\/\/api.w.org\/{rel}","templated":true}]}}