{"id":50591,"date":"2024-12-21T18:58:40","date_gmt":"2024-12-21T16:58:40","guid":{"rendered":"https:\/\/www.radiomarket.fi\/?post_type=product&#038;p=50591"},"modified":"2024-12-21T19:18:26","modified_gmt":"2024-12-21T17:18:26","slug":"ekum0769-bestel-model-11395-kelloradio","status":"publish","type":"product","link":"https:\/\/www.radiomarket.fi\/en\/kohde\/ekum0769-bestel-model-11395-kelloradio\/","title":{"rendered":"EKUM0769 Bestel Model 11395 kelloradio"},"content":{"rendered":"<p>K\u00e4ytetty kelloradio, kello k\u00e4y ja FM-radio soi. Automatiikkoja ja muita toimintoja ei testattu. Muovin kellastuminen n\u00e4kyy kuvissa.<\/p>","protected":false},"excerpt":{"rendered":"<p>K\u00e4ytetty kelloradio, kello k\u00e4y ja FM-radio soi. Automatiikkoja ja muita toimintoja ei testattu. Muovin kellastuminen n\u00e4kyy kuvissa.<\/p>","protected":false},"featured_media":50597,"template":"","meta":[],"_links":{"self":[{"href":"https:\/\/www.radiomarket.fi\/en\/wp-json\/wp\/v2\/product\/50591"}],"collection":[{"href":"https:\/\/www.radiomarket.fi\/en\/wp-json\/wp\/v2\/product"}],"about":[{"href":"https:\/\/www.radiomarket.fi\/en\/wp-json\/wp\/v2\/types\/product"}],"wp:featuredmedia":[{"embeddable":true,"href":"https:\/\/www.radiomarket.fi\/en\/wp-json\/wp\/v2\/media\/50597"}],"wp:attachment":[{"href":"https:\/\/www.radiomarket.fi\/en\/wp-json\/wp\/v2\/media?parent=50591"}],"curies":[{"name":"wp","href":"https:\/\/api.w.org\/{rel}","templated":true}]}}