{"id":50619,"date":"2024-12-27T01:05:25","date_gmt":"2024-12-26T23:05:25","guid":{"rendered":"https:\/\/www.radiomarket.fi\/?post_type=product&#038;p=50619"},"modified":"2024-12-26T21:20:23","modified_gmt":"2024-12-26T19:20:23","slug":"ekub0775-stt-120-telefax-toimii-osin","status":"publish","type":"product","link":"https:\/\/www.radiomarket.fi\/en\/kohde\/ekub0775-stt-120-telefax-toimii-osin\/","title":{"rendered":"EKUB0775 Vocafax STT 120 Telefax toimii osin"},"content":{"rendered":"<p>K\u00e4ytetty, p\u00e4\u00e4llisin puolin hyv\u00e4kuntoinen telefax-puhelinlaite. Testattu kopiointi, vasen reuna ei kopioidu, katso kuva. Kuvan jatkojohto\u00a0 ei sis\u00e4lly toimitukseen. Puhelinvastaajafaksi.<\/p>","protected":false},"excerpt":{"rendered":"<p>K\u00e4ytetty, p\u00e4\u00e4llisin puolin hyv\u00e4kuntoinen telefax-puhelinlaite. Testattu kopiointi, vasen reuna ei kopioidu, katso kuva. Kuvan jatkojohto\u00a0 ei sis\u00e4lly toimitukseen. Puhelinvastaajafaksi.<\/p>","protected":false},"featured_media":50626,"template":"","meta":[],"_links":{"self":[{"href":"https:\/\/www.radiomarket.fi\/en\/wp-json\/wp\/v2\/product\/50619"}],"collection":[{"href":"https:\/\/www.radiomarket.fi\/en\/wp-json\/wp\/v2\/product"}],"about":[{"href":"https:\/\/www.radiomarket.fi\/en\/wp-json\/wp\/v2\/types\/product"}],"wp:featuredmedia":[{"embeddable":true,"href":"https:\/\/www.radiomarket.fi\/en\/wp-json\/wp\/v2\/media\/50626"}],"wp:attachment":[{"href":"https:\/\/www.radiomarket.fi\/en\/wp-json\/wp\/v2\/media?parent=50619"}],"curies":[{"name":"wp","href":"https:\/\/api.w.org\/{rel}","templated":true}]}}